{"id":915,"date":"2020-02-27T09:44:51","date_gmt":"2020-02-27T14:44:51","guid":{"rendered":"https:\/\/antisemitism.adl.org\/?page_id=915"},"modified":"2024-03-15T16:40:00","modified_gmt":"2024-03-15T20:40:00","slug":"blood","status":"publish","type":"page","link":"https:\/\/antisemitism.adl.org\/es\/blood\/","title":{"rendered":"Sangre"},"content":{"rendered":"","protected":false},"excerpt":{"rendered":"<p>A major theme in antisemitic thought and propaganda is the blood libel, the myth that Jews murder non-Jews, especially non-Jewish children, in order to use their blood to perform religious rituals. Most prevalent in the medieval and early modern period, this peculiar accusation has plagued Jews and incited violence against them for centuries.<\/p>\n","protected":false},"author":7,"featured_media":768,"parent":0,"menu_order":0,"comment_status":"closed","ping_status":"closed","template":"","meta":{"_acf_changed":false,"footnotes":""},"categories":[26],"class_list":["post-915","page","type-page","status-publish","has-post-thumbnail","hentry","category-antisemitic-myths-spanish"],"acf":[],"yoast_head":"<!-- This site is optimized with the Yoast SEO plugin v23.4 - https:\/\/yoast.com\/wordpress\/plugins\/seo\/ -->\n<title>Antisemitismo al descubierto: El mito del libelo de la sangre<\/title>\n<meta name=\"description\" content=\"El libelo de sangre promueve la falsa idea de que los jud\u00edos asesinan a no jud\u00edos, especialmente ni\u00f1os, para utilizar su sangre en rituales religiosos\" \/>\n<meta name=\"robots\" content=\"index, follow, max-snippet:-1, max-image-preview:large, max-video-preview:-1\" \/>\n<link rel=\"canonical\" href=\"https:\/\/antisemitism.adl.org\/es\/blood\/\" \/>\n<meta property=\"og:locale\" content=\"es_ES\" \/>\n<meta property=\"og:type\" content=\"article\" \/>\n<meta property=\"og:title\" content=\"Antisemitismo al descubierto: El mito del libelo de la sangre\" \/>\n<meta property=\"og:description\" content=\"El libelo de sangre promueve la falsa idea de que los jud\u00edos asesinan a no jud\u00edos, especialmente ni\u00f1os, para utilizar su sangre en rituales religiosos\" \/>\n<meta property=\"og:url\" content=\"https:\/\/antisemitism.adl.org\/es\/blood\/\" \/>\n<meta property=\"og:site_name\" content=\"Antisemitismo al descubierto\" \/>\n<meta property=\"article:publisher\" content=\"https:\/\/www.facebook.com\/anti.defamation.league\/\" \/>\n<meta property=\"article:modified_time\" content=\"2024-03-15T20:40:00+00:00\" \/>\n<meta property=\"og:image\" content=\"https:\/\/antisemitism.adl.org\/wp-content\/uploads\/2020\/02\/7.jpg\" \/>\n\t<meta property=\"og:image:width\" content=\"1800\" \/>\n\t<meta property=\"og:image:height\" content=\"1532\" \/>\n\t<meta property=\"og:image:type\" content=\"image\/jpeg\" \/>\n<meta name=\"twitter:card\" content=\"summary_large_image\" \/>\n<meta name=\"twitter:title\" content=\"Antisemitismo al descubierto: El mito del libelo de la sangre\" \/>\n<meta name=\"twitter:description\" content=\"El libelo de sangre promueve la falsa idea de que los jud\u00edos asesinan a no jud\u00edos, especialmente ni\u00f1os, para utilizar su sangre en rituales religiosos\" \/>\n<meta name=\"twitter:site\" content=\"@ADL\" \/>\n<meta name=\"twitter:label1\" content=\"Est. reading time\" \/>\n\t<meta name=\"twitter:data1\" content=\"1 minute\" \/>\n<script type=\"application\/ld+json\" class=\"yoast-schema-graph\">{\"@context\":\"https:\/\/schema.org\",\"@graph\":[{\"@type\":\"WebPage\",\"@id\":\"https:\/\/antisemitism.adl.org\/es\/blood\/\",\"url\":\"https:\/\/antisemitism.adl.org\/es\/blood\/\",\"name\":\"Antisemitismo al descubierto: El mito del libelo de la sangre\",\"isPartOf\":{\"@id\":\"https:\/\/live-antisemitism-guide.pantheonsite.io\/#website\"},\"primaryImageOfPage\":{\"@id\":\"https:\/\/antisemitism.adl.org\/es\/blood\/#primaryimage\"},\"image\":{\"@id\":\"https:\/\/antisemitism.adl.org\/es\/blood\/#primaryimage\"},\"thumbnailUrl\":\"https:\/\/antisemitism.adl.org\/wp-content\/uploads\/2020\/02\/7.jpg\",\"datePublished\":\"2020-02-27T14:44:51+00:00\",\"dateModified\":\"2024-03-15T20:40:00+00:00\",\"description\":\"El libelo de sangre promueve la falsa idea de que los jud\u00edos asesinan a no jud\u00edos, especialmente ni\u00f1os, para utilizar su sangre en rituales religiosos\",\"breadcrumb\":{\"@id\":\"https:\/\/antisemitism.adl.org\/es\/blood\/#breadcrumb\"},\"inLanguage\":\"es-ES\",\"potentialAction\":[{\"@type\":\"ReadAction\",\"target\":[\"https:\/\/antisemitism.adl.org\/es\/blood\/\"]}]},{\"@type\":\"ImageObject\",\"inLanguage\":\"es-ES\",\"@id\":\"https:\/\/antisemitism.adl.org\/es\/blood\/#primaryimage\",\"url\":\"https:\/\/antisemitism.adl.org\/wp-content\/uploads\/2020\/02\/7.jpg\",\"contentUrl\":\"https:\/\/antisemitism.adl.org\/wp-content\/uploads\/2020\/02\/7.jpg\",\"width\":1800,\"height\":1532,\"caption\":\"Un grabado en madera de 1493 de la historia de Sim\u00f3n de Trento (1472-1475), un ni\u00f1o italiano cuya muerte fue atribuida a los l\u00edderes de la comunidad jud\u00eda de la ciudad (a los jud\u00edos)\"},{\"@type\":\"BreadcrumbList\",\"@id\":\"https:\/\/antisemitism.adl.org\/es\/blood\/#breadcrumb\",\"itemListElement\":[{\"@type\":\"ListItem\",\"position\":1,\"name\":\"Home\",\"item\":\"https:\/\/antisemitism.adl.org\/es\/home-spanish-front-page\/\"},{\"@type\":\"ListItem\",\"position\":2,\"name\":\"Sangre\"}]},{\"@type\":\"WebSite\",\"@id\":\"https:\/\/live-antisemitism-guide.pantheonsite.io\/#website\",\"url\":\"https:\/\/live-antisemitism-guide.pantheonsite.io\/\",\"name\":\"Antisemitismo al descubierto\",\"description\":\"A Guide to Old Myths in a New Era\",\"potentialAction\":[{\"@type\":\"SearchAction\",\"target\":{\"@type\":\"EntryPoint\",\"urlTemplate\":\"https:\/\/live-antisemitism-guide.pantheonsite.io\/?s={search_term_string}\"},\"query-input\":{\"@type\":\"PropertyValueSpecification\",\"valueRequired\":true,\"valueName\":\"search_term_string\"}}],\"inLanguage\":\"es-ES\"}]}<\/script>\n<!-- \/ Yoast SEO plugin. -->","yoast_head_json":{"title":"Antisemitismo al descubierto: El mito del libelo de la sangre","description":"El libelo de sangre promueve la falsa idea de que los jud\u00edos asesinan a no jud\u00edos, especialmente ni\u00f1os, para utilizar su sangre en rituales religiosos","robots":{"index":"index","follow":"follow","max-snippet":"max-snippet:-1","max-image-preview":"max-image-preview:large","max-video-preview":"max-video-preview:-1"},"canonical":"https:\/\/antisemitism.adl.org\/es\/blood\/","og_locale":"es_ES","og_type":"article","og_title":"Antisemitismo al descubierto: El mito del libelo de la sangre","og_description":"El libelo de sangre promueve la falsa idea de que los jud\u00edos asesinan a no jud\u00edos, especialmente ni\u00f1os, para utilizar su sangre en rituales religiosos","og_url":"https:\/\/antisemitism.adl.org\/es\/blood\/","og_site_name":"Antisemitismo al descubierto","article_publisher":"https:\/\/www.facebook.com\/anti.defamation.league\/","article_modified_time":"2024-03-15T20:40:00+00:00","og_image":[{"width":1800,"height":1532,"url":"https:\/\/antisemitism.adl.org\/wp-content\/uploads\/2020\/02\/7.jpg","type":"image\/jpeg"}],"twitter_card":"summary_large_image","twitter_title":"Antisemitismo al descubierto: El mito del libelo de la sangre","twitter_description":"El libelo de sangre promueve la falsa idea de que los jud\u00edos asesinan a no jud\u00edos, especialmente ni\u00f1os, para utilizar su sangre en rituales religiosos","twitter_site":"@ADL","twitter_misc":{"Est. reading time":"1 minute"},"schema":{"@context":"https:\/\/schema.org","@graph":[{"@type":"WebPage","@id":"https:\/\/antisemitism.adl.org\/es\/blood\/","url":"https:\/\/antisemitism.adl.org\/es\/blood\/","name":"Antisemitismo al descubierto: El mito del libelo de la sangre","isPartOf":{"@id":"https:\/\/live-antisemitism-guide.pantheonsite.io\/#website"},"primaryImageOfPage":{"@id":"https:\/\/antisemitism.adl.org\/es\/blood\/#primaryimage"},"image":{"@id":"https:\/\/antisemitism.adl.org\/es\/blood\/#primaryimage"},"thumbnailUrl":"https:\/\/antisemitism.adl.org\/wp-content\/uploads\/2020\/02\/7.jpg","datePublished":"2020-02-27T14:44:51+00:00","dateModified":"2024-03-15T20:40:00+00:00","description":"El libelo de sangre promueve la falsa idea de que los jud\u00edos asesinan a no jud\u00edos, especialmente ni\u00f1os, para utilizar su sangre en rituales religiosos","breadcrumb":{"@id":"https:\/\/antisemitism.adl.org\/es\/blood\/#breadcrumb"},"inLanguage":"es-ES","potentialAction":[{"@type":"ReadAction","target":["https:\/\/antisemitism.adl.org\/es\/blood\/"]}]},{"@type":"ImageObject","inLanguage":"es-ES","@id":"https:\/\/antisemitism.adl.org\/es\/blood\/#primaryimage","url":"https:\/\/antisemitism.adl.org\/wp-content\/uploads\/2020\/02\/7.jpg","contentUrl":"https:\/\/antisemitism.adl.org\/wp-content\/uploads\/2020\/02\/7.jpg","width":1800,"height":1532,"caption":"Un grabado en madera de 1493 de la historia de Sim\u00f3n de Trento (1472-1475), un ni\u00f1o italiano cuya muerte fue atribuida a los l\u00edderes de la comunidad jud\u00eda de la ciudad (a los jud\u00edos)"},{"@type":"BreadcrumbList","@id":"https:\/\/antisemitism.adl.org\/es\/blood\/#breadcrumb","itemListElement":[{"@type":"ListItem","position":1,"name":"Home","item":"https:\/\/antisemitism.adl.org\/es\/home-spanish-front-page\/"},{"@type":"ListItem","position":2,"name":"Sangre"}]},{"@type":"WebSite","@id":"https:\/\/live-antisemitism-guide.pantheonsite.io\/#website","url":"https:\/\/live-antisemitism-guide.pantheonsite.io\/","name":"Antisemitismo al descubierto","description":"A Guide to Old Myths in a New Era","potentialAction":[{"@type":"SearchAction","target":{"@type":"EntryPoint","urlTemplate":"https:\/\/live-antisemitism-guide.pantheonsite.io\/?s={search_term_string}"},"query-input":{"@type":"PropertyValueSpecification","valueRequired":true,"valueName":"search_term_string"}}],"inLanguage":"es-ES"}]}},"_links":{"self":[{"href":"https:\/\/antisemitism.adl.org\/es\/wp-json\/wp\/v2\/pages\/915","targetHints":{"allow":["GET"]}}],"collection":[{"href":"https:\/\/antisemitism.adl.org\/es\/wp-json\/wp\/v2\/pages"}],"about":[{"href":"https:\/\/antisemitism.adl.org\/es\/wp-json\/wp\/v2\/types\/page"}],"author":[{"embeddable":true,"href":"https:\/\/antisemitism.adl.org\/es\/wp-json\/wp\/v2\/users\/7"}],"replies":[{"embeddable":true,"href":"https:\/\/antisemitism.adl.org\/es\/wp-json\/wp\/v2\/comments?post=915"}],"version-history":[{"count":39,"href":"https:\/\/antisemitism.adl.org\/es\/wp-json\/wp\/v2\/pages\/915\/revisions"}],"predecessor-version":[{"id":2240,"href":"https:\/\/antisemitism.adl.org\/es\/wp-json\/wp\/v2\/pages\/915\/revisions\/2240"}],"wp:featuredmedia":[{"embeddable":true,"href":"https:\/\/antisemitism.adl.org\/es\/wp-json\/wp\/v2\/media\/768"}],"wp:attachment":[{"href":"https:\/\/antisemitism.adl.org\/es\/wp-json\/wp\/v2\/media?parent=915"}],"wp:term":[{"taxonomy":"category","embeddable":true,"href":"https:\/\/antisemitism.adl.org\/es\/wp-json\/wp\/v2\/categories?post=915"}],"curies":[{"name":"wp","href":"https:\/\/api.w.org\/{rel}","templated":true}]}}