{"id":909,"date":"2020-02-27T09:40:57","date_gmt":"2020-02-27T14:40:57","guid":{"rendered":"https:\/\/antisemitism.adl.org\/?page_id=909"},"modified":"2024-03-15T16:39:07","modified_gmt":"2024-03-15T20:39:07","slug":"deicide-spanish-mito-4","status":"publish","type":"page","link":"https:\/\/antisemitism.adl.org\/es\/deicide-spanish-mito-4\/","title":{"rendered":"Deicidio"},"content":{"rendered":"","protected":false},"excerpt":{"rendered":"<p>The myth that Jews collectively murdered Jesus, also referred to as \u201cdeicide,\u201d has been used to justify violence against Jews for centuries. Historians as well as Christian leaders have agreed that the claim is baseless.<\/p>\n","protected":false},"author":7,"featured_media":767,"parent":0,"menu_order":0,"comment_status":"closed","ping_status":"closed","template":"","meta":{"_acf_changed":false,"footnotes":""},"categories":[26],"class_list":["post-909","page","type-page","status-publish","has-post-thumbnail","hentry","category-antisemitic-myths-spanish"],"acf":[],"yoast_head":"<!-- This site is optimized with the Yoast SEO plugin v23.4 - https:\/\/yoast.com\/wordpress\/plugins\/seo\/ -->\n<title>Antisemitismo al descubierto: El mito del decidio<\/title>\n<meta name=\"description\" content=\"El mito de que los jud\u00edos asesinaron a Jes\u00fas, tambi\u00e9n conocido como el &quot;deicidio&quot;, se ha utilizado durante siglos para justificar la violencia contra los jud\u00edos.\" \/>\n<meta name=\"robots\" content=\"index, follow, max-snippet:-1, max-image-preview:large, max-video-preview:-1\" \/>\n<link rel=\"canonical\" href=\"https:\/\/antisemitism.adl.org\/es\/deicide-spanish-mito-4\/\" \/>\n<meta property=\"og:locale\" content=\"es_ES\" \/>\n<meta property=\"og:type\" content=\"article\" \/>\n<meta property=\"og:title\" content=\"Antisemitismo al descubierto: El mito del decidio\" \/>\n<meta property=\"og:description\" content=\"El mito de que los jud\u00edos asesinaron a Jes\u00fas, tambi\u00e9n conocido como el &quot;deicidio&quot;, se ha utilizado durante siglos para justificar la violencia contra los jud\u00edos.\" \/>\n<meta property=\"og:url\" content=\"https:\/\/antisemitism.adl.org\/es\/deicide-spanish-mito-4\/\" \/>\n<meta property=\"og:site_name\" content=\"Antisemitismo al descubierto\" \/>\n<meta property=\"article:publisher\" content=\"https:\/\/www.facebook.com\/anti.defamation.league\/\" \/>\n<meta property=\"article:modified_time\" content=\"2024-03-15T20:39:07+00:00\" \/>\n<meta property=\"og:image\" content=\"https:\/\/antisemitism.adl.org\/wp-content\/uploads\/2020\/02\/102.jpg\" \/>\n\t<meta property=\"og:image:width\" content=\"1260\" \/>\n\t<meta property=\"og:image:height\" content=\"1800\" \/>\n\t<meta property=\"og:image:type\" content=\"image\/jpeg\" \/>\n<meta name=\"twitter:card\" content=\"summary_large_image\" \/>\n<meta name=\"twitter:title\" content=\"Antisemitismo al descubierto: El mito del decidio\" \/>\n<meta name=\"twitter:description\" content=\"El mito de que los jud\u00edos asesinaron a Jes\u00fas, tambi\u00e9n conocido como el &quot;deicidio&quot;, se ha utilizado durante siglos para justificar la violencia contra los jud\u00edos.\" \/>\n<meta name=\"twitter:site\" content=\"@ADL\" \/>\n<meta name=\"twitter:label1\" content=\"Est. reading time\" \/>\n\t<meta name=\"twitter:data1\" content=\"1 minute\" \/>\n<script type=\"application\/ld+json\" class=\"yoast-schema-graph\">{\"@context\":\"https:\/\/schema.org\",\"@graph\":[{\"@type\":\"WebPage\",\"@id\":\"https:\/\/antisemitism.adl.org\/es\/deicide-spanish-mito-4\/\",\"url\":\"https:\/\/antisemitism.adl.org\/es\/deicide-spanish-mito-4\/\",\"name\":\"Antisemitismo al descubierto: El mito del decidio\",\"isPartOf\":{\"@id\":\"https:\/\/live-antisemitism-guide.pantheonsite.io\/#website\"},\"primaryImageOfPage\":{\"@id\":\"https:\/\/antisemitism.adl.org\/es\/deicide-spanish-mito-4\/#primaryimage\"},\"image\":{\"@id\":\"https:\/\/antisemitism.adl.org\/es\/deicide-spanish-mito-4\/#primaryimage\"},\"thumbnailUrl\":\"https:\/\/antisemitism.adl.org\/wp-content\/uploads\/2020\/02\/102.jpg\",\"datePublished\":\"2020-02-27T14:40:57+00:00\",\"dateModified\":\"2024-03-15T20:39:07+00:00\",\"description\":\"El mito de que los jud\u00edos asesinaron a Jes\u00fas, tambi\u00e9n conocido como el \\\"deicidio\\\", se ha utilizado durante siglos para justificar la violencia contra los jud\u00edos.\",\"breadcrumb\":{\"@id\":\"https:\/\/antisemitism.adl.org\/es\/deicide-spanish-mito-4\/#breadcrumb\"},\"inLanguage\":\"es-ES\",\"potentialAction\":[{\"@type\":\"ReadAction\",\"target\":[\"https:\/\/antisemitism.adl.org\/es\/deicide-spanish-mito-4\/\"]}]},{\"@type\":\"ImageObject\",\"inLanguage\":\"es-ES\",\"@id\":\"https:\/\/antisemitism.adl.org\/es\/deicide-spanish-mito-4\/#primaryimage\",\"url\":\"https:\/\/antisemitism.adl.org\/wp-content\/uploads\/2020\/02\/102.jpg\",\"contentUrl\":\"https:\/\/antisemitism.adl.org\/wp-content\/uploads\/2020\/02\/102.jpg\",\"width\":1260,\"height\":1800,\"caption\":\"Afiche de \u201cLa Pasi\u00f3n de Cristo\u201d, la controvertida pel\u00edcula de Mel Gibson, que algunos calificaron como un cl\u00e1sico religioso, mientras que otros afirmaron que promov\u00eda el antisemitismo.\"},{\"@type\":\"BreadcrumbList\",\"@id\":\"https:\/\/antisemitism.adl.org\/es\/deicide-spanish-mito-4\/#breadcrumb\",\"itemListElement\":[{\"@type\":\"ListItem\",\"position\":1,\"name\":\"Home\",\"item\":\"https:\/\/antisemitism.adl.org\/es\/home-spanish-front-page\/\"},{\"@type\":\"ListItem\",\"position\":2,\"name\":\"Deicidio\"}]},{\"@type\":\"WebSite\",\"@id\":\"https:\/\/live-antisemitism-guide.pantheonsite.io\/#website\",\"url\":\"https:\/\/live-antisemitism-guide.pantheonsite.io\/\",\"name\":\"Antisemitismo al descubierto\",\"description\":\"A Guide to Old Myths in a New Era\",\"potentialAction\":[{\"@type\":\"SearchAction\",\"target\":{\"@type\":\"EntryPoint\",\"urlTemplate\":\"https:\/\/live-antisemitism-guide.pantheonsite.io\/?s={search_term_string}\"},\"query-input\":{\"@type\":\"PropertyValueSpecification\",\"valueRequired\":true,\"valueName\":\"search_term_string\"}}],\"inLanguage\":\"es-ES\"}]}<\/script>\n<!-- \/ Yoast SEO plugin. -->","yoast_head_json":{"title":"Antisemitismo al descubierto: El mito del decidio","description":"El mito de que los jud\u00edos asesinaron a Jes\u00fas, tambi\u00e9n conocido como el \"deicidio\", se ha utilizado durante siglos para justificar la violencia contra los jud\u00edos.","robots":{"index":"index","follow":"follow","max-snippet":"max-snippet:-1","max-image-preview":"max-image-preview:large","max-video-preview":"max-video-preview:-1"},"canonical":"https:\/\/antisemitism.adl.org\/es\/deicide-spanish-mito-4\/","og_locale":"es_ES","og_type":"article","og_title":"Antisemitismo al descubierto: El mito del decidio","og_description":"El mito de que los jud\u00edos asesinaron a Jes\u00fas, tambi\u00e9n conocido como el \"deicidio\", se ha utilizado durante siglos para justificar la violencia contra los jud\u00edos.","og_url":"https:\/\/antisemitism.adl.org\/es\/deicide-spanish-mito-4\/","og_site_name":"Antisemitismo al descubierto","article_publisher":"https:\/\/www.facebook.com\/anti.defamation.league\/","article_modified_time":"2024-03-15T20:39:07+00:00","og_image":[{"width":1260,"height":1800,"url":"https:\/\/antisemitism.adl.org\/wp-content\/uploads\/2020\/02\/102.jpg","type":"image\/jpeg"}],"twitter_card":"summary_large_image","twitter_title":"Antisemitismo al descubierto: El mito del decidio","twitter_description":"El mito de que los jud\u00edos asesinaron a Jes\u00fas, tambi\u00e9n conocido como el \"deicidio\", se ha utilizado durante siglos para justificar la violencia contra los jud\u00edos.","twitter_site":"@ADL","twitter_misc":{"Est. reading time":"1 minute"},"schema":{"@context":"https:\/\/schema.org","@graph":[{"@type":"WebPage","@id":"https:\/\/antisemitism.adl.org\/es\/deicide-spanish-mito-4\/","url":"https:\/\/antisemitism.adl.org\/es\/deicide-spanish-mito-4\/","name":"Antisemitismo al descubierto: El mito del decidio","isPartOf":{"@id":"https:\/\/live-antisemitism-guide.pantheonsite.io\/#website"},"primaryImageOfPage":{"@id":"https:\/\/antisemitism.adl.org\/es\/deicide-spanish-mito-4\/#primaryimage"},"image":{"@id":"https:\/\/antisemitism.adl.org\/es\/deicide-spanish-mito-4\/#primaryimage"},"thumbnailUrl":"https:\/\/antisemitism.adl.org\/wp-content\/uploads\/2020\/02\/102.jpg","datePublished":"2020-02-27T14:40:57+00:00","dateModified":"2024-03-15T20:39:07+00:00","description":"El mito de que los jud\u00edos asesinaron a Jes\u00fas, tambi\u00e9n conocido como el \"deicidio\", se ha utilizado durante siglos para justificar la violencia contra los jud\u00edos.","breadcrumb":{"@id":"https:\/\/antisemitism.adl.org\/es\/deicide-spanish-mito-4\/#breadcrumb"},"inLanguage":"es-ES","potentialAction":[{"@type":"ReadAction","target":["https:\/\/antisemitism.adl.org\/es\/deicide-spanish-mito-4\/"]}]},{"@type":"ImageObject","inLanguage":"es-ES","@id":"https:\/\/antisemitism.adl.org\/es\/deicide-spanish-mito-4\/#primaryimage","url":"https:\/\/antisemitism.adl.org\/wp-content\/uploads\/2020\/02\/102.jpg","contentUrl":"https:\/\/antisemitism.adl.org\/wp-content\/uploads\/2020\/02\/102.jpg","width":1260,"height":1800,"caption":"Afiche de \u201cLa Pasi\u00f3n de Cristo\u201d, la controvertida pel\u00edcula de Mel Gibson, que algunos calificaron como un cl\u00e1sico religioso, mientras que otros afirmaron que promov\u00eda el antisemitismo."},{"@type":"BreadcrumbList","@id":"https:\/\/antisemitism.adl.org\/es\/deicide-spanish-mito-4\/#breadcrumb","itemListElement":[{"@type":"ListItem","position":1,"name":"Home","item":"https:\/\/antisemitism.adl.org\/es\/home-spanish-front-page\/"},{"@type":"ListItem","position":2,"name":"Deicidio"}]},{"@type":"WebSite","@id":"https:\/\/live-antisemitism-guide.pantheonsite.io\/#website","url":"https:\/\/live-antisemitism-guide.pantheonsite.io\/","name":"Antisemitismo al descubierto","description":"A Guide to Old Myths in a New Era","potentialAction":[{"@type":"SearchAction","target":{"@type":"EntryPoint","urlTemplate":"https:\/\/live-antisemitism-guide.pantheonsite.io\/?s={search_term_string}"},"query-input":{"@type":"PropertyValueSpecification","valueRequired":true,"valueName":"search_term_string"}}],"inLanguage":"es-ES"}]}},"_links":{"self":[{"href":"https:\/\/antisemitism.adl.org\/es\/wp-json\/wp\/v2\/pages\/909","targetHints":{"allow":["GET"]}}],"collection":[{"href":"https:\/\/antisemitism.adl.org\/es\/wp-json\/wp\/v2\/pages"}],"about":[{"href":"https:\/\/antisemitism.adl.org\/es\/wp-json\/wp\/v2\/types\/page"}],"author":[{"embeddable":true,"href":"https:\/\/antisemitism.adl.org\/es\/wp-json\/wp\/v2\/users\/7"}],"replies":[{"embeddable":true,"href":"https:\/\/antisemitism.adl.org\/es\/wp-json\/wp\/v2\/comments?post=909"}],"version-history":[{"count":29,"href":"https:\/\/antisemitism.adl.org\/es\/wp-json\/wp\/v2\/pages\/909\/revisions"}],"predecessor-version":[{"id":2239,"href":"https:\/\/antisemitism.adl.org\/es\/wp-json\/wp\/v2\/pages\/909\/revisions\/2239"}],"wp:featuredmedia":[{"embeddable":true,"href":"https:\/\/antisemitism.adl.org\/es\/wp-json\/wp\/v2\/media\/767"}],"wp:attachment":[{"href":"https:\/\/antisemitism.adl.org\/es\/wp-json\/wp\/v2\/media?parent=909"}],"wp:term":[{"taxonomy":"category","embeddable":true,"href":"https:\/\/antisemitism.adl.org\/es\/wp-json\/wp\/v2\/categories?post=909"}],"curies":[{"name":"wp","href":"https:\/\/api.w.org\/{rel}","templated":true}]}}