{"id":905,"date":"2020-02-27T09:38:09","date_gmt":"2020-02-27T14:38:09","guid":{"rendered":"https:\/\/antisemitism.adl.org\/?page_id=905"},"modified":"2024-03-15T16:38:13","modified_gmt":"2024-03-15T20:38:13","slug":"greed-spanish-mito-3","status":"publish","type":"page","link":"https:\/\/antisemitism.adl.org\/es\/greed-spanish-mito-3\/","title":{"rendered":"Avaricia"},"content":{"rendered":"","protected":false},"excerpt":{"rendered":"<p>One of the most prominent and persistent stereotypes about Jews is that they are greedy and avaricious, hoping to make themselves rich by any means. They are seen both as relentless in the pursuit of wealth and also as stingy misers determined not to let any money slip from their grasp.<\/p>\n","protected":false},"author":7,"featured_media":766,"parent":0,"menu_order":0,"comment_status":"closed","ping_status":"closed","template":"","meta":{"_acf_changed":false,"footnotes":""},"categories":[26],"class_list":["post-905","page","type-page","status-publish","has-post-thumbnail","hentry","category-antisemitic-myths-spanish"],"acf":[],"yoast_head":"<!-- This site is optimized with the Yoast SEO plugin v23.4 - https:\/\/yoast.com\/wordpress\/plugins\/seo\/ -->\n<title>Antisemitismo al descubierto: Mito de la avaricia jud\u00eda<\/title>\n<meta name=\"description\" content=\"Uno de los estereotipos m\u00e1s destacados y persistentes sobre los jud\u00edos es que son codiciosos y avaros, porque buscan enriquecerse por cualquier medio\" \/>\n<meta name=\"robots\" content=\"index, follow, max-snippet:-1, max-image-preview:large, max-video-preview:-1\" \/>\n<link rel=\"canonical\" href=\"https:\/\/antisemitism.adl.org\/es\/greed-spanish-mito-3\/\" \/>\n<meta property=\"og:locale\" content=\"es_ES\" \/>\n<meta property=\"og:type\" content=\"article\" \/>\n<meta property=\"og:title\" content=\"Antisemitismo al descubierto: Mito de la avaricia jud\u00eda\" \/>\n<meta property=\"og:description\" content=\"Uno de los estereotipos m\u00e1s destacados y persistentes sobre los jud\u00edos es que son codiciosos y avaros, porque buscan enriquecerse por cualquier medio\" \/>\n<meta property=\"og:url\" content=\"https:\/\/antisemitism.adl.org\/es\/greed-spanish-mito-3\/\" \/>\n<meta property=\"og:site_name\" content=\"Antisemitismo al descubierto\" \/>\n<meta property=\"article:publisher\" content=\"https:\/\/www.facebook.com\/anti.defamation.league\/\" \/>\n<meta property=\"article:modified_time\" content=\"2024-03-15T20:38:13+00:00\" \/>\n<meta property=\"og:image\" content=\"https:\/\/antisemitism.adl.org\/wp-content\/uploads\/2020\/02\/98.jpg\" \/>\n\t<meta property=\"og:image:width\" content=\"1263\" \/>\n\t<meta property=\"og:image:height\" content=\"1800\" \/>\n\t<meta property=\"og:image:type\" content=\"image\/jpeg\" \/>\n<meta name=\"twitter:card\" content=\"summary_large_image\" \/>\n<meta name=\"twitter:title\" content=\"Antisemitismo al descubierto: Mito de la avaricia jud\u00eda\" \/>\n<meta name=\"twitter:description\" content=\"Uno de los estereotipos m\u00e1s destacados y persistentes sobre los jud\u00edos es que son codiciosos y avaros, porque buscan enriquecerse por cualquier medio\" \/>\n<meta name=\"twitter:site\" content=\"@ADL\" \/>\n<meta name=\"twitter:label1\" content=\"Est. reading time\" \/>\n\t<meta name=\"twitter:data1\" content=\"1 minute\" \/>\n<script type=\"application\/ld+json\" class=\"yoast-schema-graph\">{\"@context\":\"https:\/\/schema.org\",\"@graph\":[{\"@type\":\"WebPage\",\"@id\":\"https:\/\/antisemitism.adl.org\/es\/greed-spanish-mito-3\/\",\"url\":\"https:\/\/antisemitism.adl.org\/es\/greed-spanish-mito-3\/\",\"name\":\"Antisemitismo al descubierto: Mito de la avaricia jud\u00eda\",\"isPartOf\":{\"@id\":\"https:\/\/live-antisemitism-guide.pantheonsite.io\/#website\"},\"primaryImageOfPage\":{\"@id\":\"https:\/\/antisemitism.adl.org\/es\/greed-spanish-mito-3\/#primaryimage\"},\"image\":{\"@id\":\"https:\/\/antisemitism.adl.org\/es\/greed-spanish-mito-3\/#primaryimage\"},\"thumbnailUrl\":\"https:\/\/antisemitism.adl.org\/wp-content\/uploads\/2020\/02\/98.jpg\",\"datePublished\":\"2020-02-27T14:38:09+00:00\",\"dateModified\":\"2024-03-15T20:38:13+00:00\",\"description\":\"Uno de los estereotipos m\u00e1s destacados y persistentes sobre los jud\u00edos es que son codiciosos y avaros, porque buscan enriquecerse por cualquier medio\",\"breadcrumb\":{\"@id\":\"https:\/\/antisemitism.adl.org\/es\/greed-spanish-mito-3\/#breadcrumb\"},\"inLanguage\":\"es-ES\",\"potentialAction\":[{\"@type\":\"ReadAction\",\"target\":[\"https:\/\/antisemitism.adl.org\/es\/greed-spanish-mito-3\/\"]}]},{\"@type\":\"ImageObject\",\"inLanguage\":\"es-ES\",\"@id\":\"https:\/\/antisemitism.adl.org\/es\/greed-spanish-mito-3\/#primaryimage\",\"url\":\"https:\/\/antisemitism.adl.org\/wp-content\/uploads\/2020\/02\/98.jpg\",\"contentUrl\":\"https:\/\/antisemitism.adl.org\/wp-content\/uploads\/2020\/02\/98.jpg\",\"width\":1263,\"height\":1800,\"caption\":\"Afiche de una exposici\u00f3n de arte de 1937, \u201cEl jud\u00edo eterno\u201d, en M\u00fanich, Alemania.\"},{\"@type\":\"BreadcrumbList\",\"@id\":\"https:\/\/antisemitism.adl.org\/es\/greed-spanish-mito-3\/#breadcrumb\",\"itemListElement\":[{\"@type\":\"ListItem\",\"position\":1,\"name\":\"Home\",\"item\":\"https:\/\/antisemitism.adl.org\/es\/home-spanish-front-page\/\"},{\"@type\":\"ListItem\",\"position\":2,\"name\":\"Avaricia\"}]},{\"@type\":\"WebSite\",\"@id\":\"https:\/\/live-antisemitism-guide.pantheonsite.io\/#website\",\"url\":\"https:\/\/live-antisemitism-guide.pantheonsite.io\/\",\"name\":\"Antisemitismo al descubierto\",\"description\":\"A Guide to Old Myths in a New Era\",\"potentialAction\":[{\"@type\":\"SearchAction\",\"target\":{\"@type\":\"EntryPoint\",\"urlTemplate\":\"https:\/\/live-antisemitism-guide.pantheonsite.io\/?s={search_term_string}\"},\"query-input\":{\"@type\":\"PropertyValueSpecification\",\"valueRequired\":true,\"valueName\":\"search_term_string\"}}],\"inLanguage\":\"es-ES\"}]}<\/script>\n<!-- \/ Yoast SEO plugin. -->","yoast_head_json":{"title":"Antisemitismo al descubierto: Mito de la avaricia jud\u00eda","description":"Uno de los estereotipos m\u00e1s destacados y persistentes sobre los jud\u00edos es que son codiciosos y avaros, porque buscan enriquecerse por cualquier medio","robots":{"index":"index","follow":"follow","max-snippet":"max-snippet:-1","max-image-preview":"max-image-preview:large","max-video-preview":"max-video-preview:-1"},"canonical":"https:\/\/antisemitism.adl.org\/es\/greed-spanish-mito-3\/","og_locale":"es_ES","og_type":"article","og_title":"Antisemitismo al descubierto: Mito de la avaricia jud\u00eda","og_description":"Uno de los estereotipos m\u00e1s destacados y persistentes sobre los jud\u00edos es que son codiciosos y avaros, porque buscan enriquecerse por cualquier medio","og_url":"https:\/\/antisemitism.adl.org\/es\/greed-spanish-mito-3\/","og_site_name":"Antisemitismo al descubierto","article_publisher":"https:\/\/www.facebook.com\/anti.defamation.league\/","article_modified_time":"2024-03-15T20:38:13+00:00","og_image":[{"width":1263,"height":1800,"url":"https:\/\/antisemitism.adl.org\/wp-content\/uploads\/2020\/02\/98.jpg","type":"image\/jpeg"}],"twitter_card":"summary_large_image","twitter_title":"Antisemitismo al descubierto: Mito de la avaricia jud\u00eda","twitter_description":"Uno de los estereotipos m\u00e1s destacados y persistentes sobre los jud\u00edos es que son codiciosos y avaros, porque buscan enriquecerse por cualquier medio","twitter_site":"@ADL","twitter_misc":{"Est. reading time":"1 minute"},"schema":{"@context":"https:\/\/schema.org","@graph":[{"@type":"WebPage","@id":"https:\/\/antisemitism.adl.org\/es\/greed-spanish-mito-3\/","url":"https:\/\/antisemitism.adl.org\/es\/greed-spanish-mito-3\/","name":"Antisemitismo al descubierto: Mito de la avaricia jud\u00eda","isPartOf":{"@id":"https:\/\/live-antisemitism-guide.pantheonsite.io\/#website"},"primaryImageOfPage":{"@id":"https:\/\/antisemitism.adl.org\/es\/greed-spanish-mito-3\/#primaryimage"},"image":{"@id":"https:\/\/antisemitism.adl.org\/es\/greed-spanish-mito-3\/#primaryimage"},"thumbnailUrl":"https:\/\/antisemitism.adl.org\/wp-content\/uploads\/2020\/02\/98.jpg","datePublished":"2020-02-27T14:38:09+00:00","dateModified":"2024-03-15T20:38:13+00:00","description":"Uno de los estereotipos m\u00e1s destacados y persistentes sobre los jud\u00edos es que son codiciosos y avaros, porque buscan enriquecerse por cualquier medio","breadcrumb":{"@id":"https:\/\/antisemitism.adl.org\/es\/greed-spanish-mito-3\/#breadcrumb"},"inLanguage":"es-ES","potentialAction":[{"@type":"ReadAction","target":["https:\/\/antisemitism.adl.org\/es\/greed-spanish-mito-3\/"]}]},{"@type":"ImageObject","inLanguage":"es-ES","@id":"https:\/\/antisemitism.adl.org\/es\/greed-spanish-mito-3\/#primaryimage","url":"https:\/\/antisemitism.adl.org\/wp-content\/uploads\/2020\/02\/98.jpg","contentUrl":"https:\/\/antisemitism.adl.org\/wp-content\/uploads\/2020\/02\/98.jpg","width":1263,"height":1800,"caption":"Afiche de una exposici\u00f3n de arte de 1937, \u201cEl jud\u00edo eterno\u201d, en M\u00fanich, Alemania."},{"@type":"BreadcrumbList","@id":"https:\/\/antisemitism.adl.org\/es\/greed-spanish-mito-3\/#breadcrumb","itemListElement":[{"@type":"ListItem","position":1,"name":"Home","item":"https:\/\/antisemitism.adl.org\/es\/home-spanish-front-page\/"},{"@type":"ListItem","position":2,"name":"Avaricia"}]},{"@type":"WebSite","@id":"https:\/\/live-antisemitism-guide.pantheonsite.io\/#website","url":"https:\/\/live-antisemitism-guide.pantheonsite.io\/","name":"Antisemitismo al descubierto","description":"A Guide to Old Myths in a New Era","potentialAction":[{"@type":"SearchAction","target":{"@type":"EntryPoint","urlTemplate":"https:\/\/live-antisemitism-guide.pantheonsite.io\/?s={search_term_string}"},"query-input":{"@type":"PropertyValueSpecification","valueRequired":true,"valueName":"search_term_string"}}],"inLanguage":"es-ES"}]}},"_links":{"self":[{"href":"https:\/\/antisemitism.adl.org\/es\/wp-json\/wp\/v2\/pages\/905","targetHints":{"allow":["GET"]}}],"collection":[{"href":"https:\/\/antisemitism.adl.org\/es\/wp-json\/wp\/v2\/pages"}],"about":[{"href":"https:\/\/antisemitism.adl.org\/es\/wp-json\/wp\/v2\/types\/page"}],"author":[{"embeddable":true,"href":"https:\/\/antisemitism.adl.org\/es\/wp-json\/wp\/v2\/users\/7"}],"replies":[{"embeddable":true,"href":"https:\/\/antisemitism.adl.org\/es\/wp-json\/wp\/v2\/comments?post=905"}],"version-history":[{"count":30,"href":"https:\/\/antisemitism.adl.org\/es\/wp-json\/wp\/v2\/pages\/905\/revisions"}],"predecessor-version":[{"id":2238,"href":"https:\/\/antisemitism.adl.org\/es\/wp-json\/wp\/v2\/pages\/905\/revisions\/2238"}],"wp:featuredmedia":[{"embeddable":true,"href":"https:\/\/antisemitism.adl.org\/es\/wp-json\/wp\/v2\/media\/766"}],"wp:attachment":[{"href":"https:\/\/antisemitism.adl.org\/es\/wp-json\/wp\/v2\/media?parent=905"}],"wp:term":[{"taxonomy":"category","embeddable":true,"href":"https:\/\/antisemitism.adl.org\/es\/wp-json\/wp\/v2\/categories?post=905"}],"curies":[{"name":"wp","href":"https:\/\/api.w.org\/{rel}","templated":true}]}}