{"id":889,"date":"2020-02-27T08:51:07","date_gmt":"2020-02-27T13:51:07","guid":{"rendered":"https:\/\/antisemitism.adl.org\/?page_id=889"},"modified":"2024-03-04T21:57:56","modified_gmt":"2024-03-05T02:57:56","slug":"antisemitism-in-global-history-spanish","status":"publish","type":"page","link":"https:\/\/antisemitism.adl.org\/es\/antisemitism-in-global-history-spanish\/","title":{"rendered":"El antisemitismo en la historia universal"},"content":{"rendered":"","protected":false},"excerpt":{"rendered":"<p>Although anti-Jewish hatred can be traced all the way back to the ancient world, the word \u201cantisemitism\u201d is a modern invention that emerged in the wake of rising European nationalism.<\/p>\n","protected":false},"author":7,"featured_media":771,"parent":0,"menu_order":0,"comment_status":"closed","ping_status":"closed","template":"","meta":{"_acf_changed":false,"footnotes":""},"categories":[27],"class_list":["post-889","page","type-page","status-publish","has-post-thumbnail","hentry","category-antisemitism-in-history-spanish"],"acf":[],"yoast_head":"<!-- This site is optimized with the Yoast SEO plugin v23.4 - https:\/\/yoast.com\/wordpress\/plugins\/seo\/ -->\n<title>Antisemitismo en la historia universal<\/title>\n<meta name=\"description\" content=\"Los jud\u00edos se han enfrentado, a lo largo de todos los tiempos, a persecuciones que persisten hasta nuestros d\u00edas y han sido usados como chivos expiatorios.\" \/>\n<meta name=\"robots\" content=\"index, follow, max-snippet:-1, max-image-preview:large, max-video-preview:-1\" \/>\n<link rel=\"canonical\" href=\"https:\/\/antisemitism.adl.org\/es\/antisemitism-in-global-history-spanish\/\" \/>\n<meta property=\"og:locale\" content=\"es_ES\" \/>\n<meta property=\"og:type\" content=\"article\" \/>\n<meta property=\"og:title\" content=\"El antisemitismo en la historia universal\" \/>\n<meta property=\"og:description\" content=\"Los jud\u00edos se han enfrentado, a lo largo de todos los tiempos, a persecuciones que persisten hasta nuestros d\u00edas y han sido usados como chivos expiatorios.\" \/>\n<meta property=\"og:url\" content=\"https:\/\/antisemitism.adl.org\/es\/antisemitism-in-global-history-spanish\/\" \/>\n<meta property=\"og:site_name\" content=\"Antisemitismo al descubierto\" \/>\n<meta property=\"article:publisher\" content=\"https:\/\/www.facebook.com\/anti.defamation.league\/\" \/>\n<meta property=\"article:modified_time\" content=\"2024-03-05T02:57:56+00:00\" \/>\n<meta property=\"og:image\" content=\"https:\/\/antisemitism.adl.org\/wp-content\/uploads\/2020\/02\/35.jpg\" \/>\n\t<meta property=\"og:image:width\" content=\"1800\" \/>\n\t<meta property=\"og:image:height\" content=\"1317\" \/>\n\t<meta property=\"og:image:type\" content=\"image\/jpeg\" \/>\n<meta name=\"twitter:card\" content=\"summary_large_image\" \/>\n<meta name=\"twitter:title\" content=\"El antisemitismo en la historia universal\" \/>\n<meta name=\"twitter:description\" content=\"Los jud\u00edos se han enfrentado, a lo largo de todos los tiempos, a persecuciones que persisten hasta nuestros d\u00edas y han sido usados como chivos expiatorios.\" \/>\n<meta name=\"twitter:site\" content=\"@ADL\" \/>\n<script type=\"application\/ld+json\" class=\"yoast-schema-graph\">{\"@context\":\"https:\/\/schema.org\",\"@graph\":[{\"@type\":\"WebPage\",\"@id\":\"https:\/\/antisemitism.adl.org\/es\/antisemitism-in-global-history-spanish\/\",\"url\":\"https:\/\/antisemitism.adl.org\/es\/antisemitism-in-global-history-spanish\/\",\"name\":\"Antisemitismo en la historia universal\",\"isPartOf\":{\"@id\":\"https:\/\/live-antisemitism-guide.pantheonsite.io\/#website\"},\"primaryImageOfPage\":{\"@id\":\"https:\/\/antisemitism.adl.org\/es\/antisemitism-in-global-history-spanish\/#primaryimage\"},\"image\":{\"@id\":\"https:\/\/antisemitism.adl.org\/es\/antisemitism-in-global-history-spanish\/#primaryimage\"},\"thumbnailUrl\":\"https:\/\/antisemitism.adl.org\/wp-content\/uploads\/2020\/02\/35.jpg\",\"datePublished\":\"2020-02-27T13:51:07+00:00\",\"dateModified\":\"2024-03-05T02:57:56+00:00\",\"description\":\"Los jud\u00edos se han enfrentado, a lo largo de todos los tiempos, a persecuciones que persisten hasta nuestros d\u00edas y han sido usados como chivos expiatorios.\",\"breadcrumb\":{\"@id\":\"https:\/\/antisemitism.adl.org\/es\/antisemitism-in-global-history-spanish\/#breadcrumb\"},\"inLanguage\":\"es-ES\",\"potentialAction\":[{\"@type\":\"ReadAction\",\"target\":[\"https:\/\/antisemitism.adl.org\/es\/antisemitism-in-global-history-spanish\/\"]}]},{\"@type\":\"ImageObject\",\"inLanguage\":\"es-ES\",\"@id\":\"https:\/\/antisemitism.adl.org\/es\/antisemitism-in-global-history-spanish\/#primaryimage\",\"url\":\"https:\/\/antisemitism.adl.org\/wp-content\/uploads\/2020\/02\/35.jpg\",\"contentUrl\":\"https:\/\/antisemitism.adl.org\/wp-content\/uploads\/2020\/02\/35.jpg\",\"width\":1800,\"height\":1317,\"caption\":\"Pintura del asedio de Jerusal\u00e9n por el ej\u00e9rcito romano, en el a\u00f1o 70 d.C.\"},{\"@type\":\"BreadcrumbList\",\"@id\":\"https:\/\/antisemitism.adl.org\/es\/antisemitism-in-global-history-spanish\/#breadcrumb\",\"itemListElement\":[{\"@type\":\"ListItem\",\"position\":1,\"name\":\"Home\",\"item\":\"https:\/\/antisemitism.adl.org\/es\/home-spanish-front-page\/\"},{\"@type\":\"ListItem\",\"position\":2,\"name\":\"El antisemitismo en la historia universal\"}]},{\"@type\":\"WebSite\",\"@id\":\"https:\/\/live-antisemitism-guide.pantheonsite.io\/#website\",\"url\":\"https:\/\/live-antisemitism-guide.pantheonsite.io\/\",\"name\":\"Antisemitismo al descubierto\",\"description\":\"A Guide to Old Myths in a New Era\",\"potentialAction\":[{\"@type\":\"SearchAction\",\"target\":{\"@type\":\"EntryPoint\",\"urlTemplate\":\"https:\/\/live-antisemitism-guide.pantheonsite.io\/?s={search_term_string}\"},\"query-input\":{\"@type\":\"PropertyValueSpecification\",\"valueRequired\":true,\"valueName\":\"search_term_string\"}}],\"inLanguage\":\"es-ES\"}]}<\/script>\n<!-- \/ Yoast SEO plugin. -->","yoast_head_json":{"title":"Antisemitismo en la historia universal","description":"Los jud\u00edos se han enfrentado, a lo largo de todos los tiempos, a persecuciones que persisten hasta nuestros d\u00edas y han sido usados como chivos expiatorios.","robots":{"index":"index","follow":"follow","max-snippet":"max-snippet:-1","max-image-preview":"max-image-preview:large","max-video-preview":"max-video-preview:-1"},"canonical":"https:\/\/antisemitism.adl.org\/es\/antisemitism-in-global-history-spanish\/","og_locale":"es_ES","og_type":"article","og_title":"El antisemitismo en la historia universal","og_description":"Los jud\u00edos se han enfrentado, a lo largo de todos los tiempos, a persecuciones que persisten hasta nuestros d\u00edas y han sido usados como chivos expiatorios.","og_url":"https:\/\/antisemitism.adl.org\/es\/antisemitism-in-global-history-spanish\/","og_site_name":"Antisemitismo al descubierto","article_publisher":"https:\/\/www.facebook.com\/anti.defamation.league\/","article_modified_time":"2024-03-05T02:57:56+00:00","og_image":[{"width":1800,"height":1317,"url":"https:\/\/antisemitism.adl.org\/wp-content\/uploads\/2020\/02\/35.jpg","type":"image\/jpeg"}],"twitter_card":"summary_large_image","twitter_title":"El antisemitismo en la historia universal","twitter_description":"Los jud\u00edos se han enfrentado, a lo largo de todos los tiempos, a persecuciones que persisten hasta nuestros d\u00edas y han sido usados como chivos expiatorios.","twitter_site":"@ADL","schema":{"@context":"https:\/\/schema.org","@graph":[{"@type":"WebPage","@id":"https:\/\/antisemitism.adl.org\/es\/antisemitism-in-global-history-spanish\/","url":"https:\/\/antisemitism.adl.org\/es\/antisemitism-in-global-history-spanish\/","name":"Antisemitismo en la historia universal","isPartOf":{"@id":"https:\/\/live-antisemitism-guide.pantheonsite.io\/#website"},"primaryImageOfPage":{"@id":"https:\/\/antisemitism.adl.org\/es\/antisemitism-in-global-history-spanish\/#primaryimage"},"image":{"@id":"https:\/\/antisemitism.adl.org\/es\/antisemitism-in-global-history-spanish\/#primaryimage"},"thumbnailUrl":"https:\/\/antisemitism.adl.org\/wp-content\/uploads\/2020\/02\/35.jpg","datePublished":"2020-02-27T13:51:07+00:00","dateModified":"2024-03-05T02:57:56+00:00","description":"Los jud\u00edos se han enfrentado, a lo largo de todos los tiempos, a persecuciones que persisten hasta nuestros d\u00edas y han sido usados como chivos expiatorios.","breadcrumb":{"@id":"https:\/\/antisemitism.adl.org\/es\/antisemitism-in-global-history-spanish\/#breadcrumb"},"inLanguage":"es-ES","potentialAction":[{"@type":"ReadAction","target":["https:\/\/antisemitism.adl.org\/es\/antisemitism-in-global-history-spanish\/"]}]},{"@type":"ImageObject","inLanguage":"es-ES","@id":"https:\/\/antisemitism.adl.org\/es\/antisemitism-in-global-history-spanish\/#primaryimage","url":"https:\/\/antisemitism.adl.org\/wp-content\/uploads\/2020\/02\/35.jpg","contentUrl":"https:\/\/antisemitism.adl.org\/wp-content\/uploads\/2020\/02\/35.jpg","width":1800,"height":1317,"caption":"Pintura del asedio de Jerusal\u00e9n por el ej\u00e9rcito romano, en el a\u00f1o 70 d.C."},{"@type":"BreadcrumbList","@id":"https:\/\/antisemitism.adl.org\/es\/antisemitism-in-global-history-spanish\/#breadcrumb","itemListElement":[{"@type":"ListItem","position":1,"name":"Home","item":"https:\/\/antisemitism.adl.org\/es\/home-spanish-front-page\/"},{"@type":"ListItem","position":2,"name":"El antisemitismo en la historia universal"}]},{"@type":"WebSite","@id":"https:\/\/live-antisemitism-guide.pantheonsite.io\/#website","url":"https:\/\/live-antisemitism-guide.pantheonsite.io\/","name":"Antisemitismo al descubierto","description":"A Guide to Old Myths in a New Era","potentialAction":[{"@type":"SearchAction","target":{"@type":"EntryPoint","urlTemplate":"https:\/\/live-antisemitism-guide.pantheonsite.io\/?s={search_term_string}"},"query-input":{"@type":"PropertyValueSpecification","valueRequired":true,"valueName":"search_term_string"}}],"inLanguage":"es-ES"}]}},"_links":{"self":[{"href":"https:\/\/antisemitism.adl.org\/es\/wp-json\/wp\/v2\/pages\/889","targetHints":{"allow":["GET"]}}],"collection":[{"href":"https:\/\/antisemitism.adl.org\/es\/wp-json\/wp\/v2\/pages"}],"about":[{"href":"https:\/\/antisemitism.adl.org\/es\/wp-json\/wp\/v2\/types\/page"}],"author":[{"embeddable":true,"href":"https:\/\/antisemitism.adl.org\/es\/wp-json\/wp\/v2\/users\/7"}],"replies":[{"embeddable":true,"href":"https:\/\/antisemitism.adl.org\/es\/wp-json\/wp\/v2\/comments?post=889"}],"version-history":[{"count":16,"href":"https:\/\/antisemitism.adl.org\/es\/wp-json\/wp\/v2\/pages\/889\/revisions"}],"predecessor-version":[{"id":2176,"href":"https:\/\/antisemitism.adl.org\/es\/wp-json\/wp\/v2\/pages\/889\/revisions\/2176"}],"wp:featuredmedia":[{"embeddable":true,"href":"https:\/\/antisemitism.adl.org\/es\/wp-json\/wp\/v2\/media\/771"}],"wp:attachment":[{"href":"https:\/\/antisemitism.adl.org\/es\/wp-json\/wp\/v2\/media?parent=889"}],"wp:term":[{"taxonomy":"category","embeddable":true,"href":"https:\/\/antisemitism.adl.org\/es\/wp-json\/wp\/v2\/categories?post=889"}],"curies":[{"name":"wp","href":"https:\/\/api.w.org\/{rel}","templated":true}]}}