{"id":878,"date":"2022-11-20T10:29:19","date_gmt":"2022-11-20T15:29:19","guid":{"rendered":"https:\/\/antisemitism.adl.org\/?page_id=878"},"modified":"2024-03-15T16:43:05","modified_gmt":"2024-03-15T20:43:05","slug":"anti-zionism-spanish","status":"publish","type":"page","link":"https:\/\/antisemitism.adl.org\/es\/anti-zionism-spanish\/","title":{"rendered":"Antisionismo"},"content":{"rendered":"","protected":false},"excerpt":{"rendered":"<p>Criticism of Israel is not in and of itself antisemitic. But much of contemporary anti-Zionism, or the delegitimization of Israel and its supporters, draws on and perpetuates antisemitic tropes. <\/p>\n","protected":false},"author":7,"featured_media":773,"parent":0,"menu_order":0,"comment_status":"closed","ping_status":"closed","template":"","meta":{"_acf_changed":false,"footnotes":""},"categories":[26],"class_list":["post-878","page","type-page","status-publish","has-post-thumbnail","hentry","category-antisemitic-myths-spanish"],"acf":[],"yoast_head":"<!-- This site is optimized with the Yoast SEO plugin v23.4 - https:\/\/yoast.com\/wordpress\/plugins\/seo\/ -->\n<title>Antisemitismo al descubierto: Mito &#039;el antisionismo nunca es antisemita&#039;<\/title>\n<meta name=\"description\" content=\"La cr\u00edtica a Israel no es en s\u00ed misma antisemita, pero gran parte del antisionismo actual o de la deslegitimaci\u00f3n de Israel y sus partidarios perpet\u00faa tropos antisemitas.\" \/>\n<meta name=\"robots\" content=\"index, follow, max-snippet:-1, max-image-preview:large, max-video-preview:-1\" \/>\n<link rel=\"canonical\" href=\"https:\/\/antisemitism.adl.org\/es\/anti-zionism-spanish\/\" \/>\n<meta property=\"og:locale\" content=\"es_ES\" \/>\n<meta property=\"og:type\" content=\"article\" \/>\n<meta property=\"og:title\" content=\"Antisemitismo al descubierto: Mito &#039;el antisionismo nunca es antisemita&#039;\" \/>\n<meta property=\"og:description\" content=\"La cr\u00edtica a Israel no es en s\u00ed misma antisemita, pero gran parte del antisionismo actual o de la deslegitimaci\u00f3n de Israel y sus partidarios perpet\u00faa tropos antisemitas.\" \/>\n<meta property=\"og:url\" content=\"https:\/\/antisemitism.adl.org\/es\/anti-zionism-spanish\/\" \/>\n<meta property=\"og:site_name\" content=\"Antisemitismo al descubierto\" \/>\n<meta property=\"article:publisher\" content=\"https:\/\/www.facebook.com\/anti.defamation.league\/\" \/>\n<meta property=\"article:modified_time\" content=\"2024-03-15T20:43:05+00:00\" \/>\n<meta property=\"og:image\" content=\"https:\/\/antisemitism.adl.org\/wp-content\/uploads\/2020\/02\/100-edited.jpg\" \/>\n\t<meta property=\"og:image:width\" content=\"1008\" \/>\n\t<meta property=\"og:image:height\" content=\"1600\" \/>\n\t<meta property=\"og:image:type\" content=\"image\/jpeg\" \/>\n<meta name=\"twitter:card\" content=\"summary_large_image\" \/>\n<meta name=\"twitter:title\" content=\"Antisemitismo al descubierto: Mito &#039;el antisionismo nunca es antisemita&#039;\" \/>\n<meta name=\"twitter:description\" content=\"La cr\u00edtica a Israel no es en s\u00ed misma antisemita, pero gran parte del antisionismo actual o de la deslegitimaci\u00f3n de Israel y sus partidarios perpet\u00faa tropos antisemitas.\" \/>\n<meta name=\"twitter:site\" content=\"@ADL\" \/>\n<meta name=\"twitter:label1\" content=\"Est. reading time\" \/>\n\t<meta name=\"twitter:data1\" content=\"1 minute\" \/>\n<script type=\"application\/ld+json\" class=\"yoast-schema-graph\">{\"@context\":\"https:\/\/schema.org\",\"@graph\":[{\"@type\":\"WebPage\",\"@id\":\"https:\/\/antisemitism.adl.org\/es\/anti-zionism-spanish\/\",\"url\":\"https:\/\/antisemitism.adl.org\/es\/anti-zionism-spanish\/\",\"name\":\"Antisemitismo al descubierto: Mito 'el antisionismo nunca es antisemita'\",\"isPartOf\":{\"@id\":\"https:\/\/live-antisemitism-guide.pantheonsite.io\/#website\"},\"primaryImageOfPage\":{\"@id\":\"https:\/\/antisemitism.adl.org\/es\/anti-zionism-spanish\/#primaryimage\"},\"image\":{\"@id\":\"https:\/\/antisemitism.adl.org\/es\/anti-zionism-spanish\/#primaryimage\"},\"thumbnailUrl\":\"https:\/\/antisemitism.adl.org\/wp-content\/uploads\/2020\/02\/100-edited.jpg\",\"datePublished\":\"2022-11-20T15:29:19+00:00\",\"dateModified\":\"2024-03-15T20:43:05+00:00\",\"description\":\"La cr\u00edtica a Israel no es en s\u00ed misma antisemita, pero gran parte del antisionismo actual o de la deslegitimaci\u00f3n de Israel y sus partidarios perpet\u00faa tropos antisemitas.\",\"breadcrumb\":{\"@id\":\"https:\/\/antisemitism.adl.org\/es\/anti-zionism-spanish\/#breadcrumb\"},\"inLanguage\":\"es-ES\",\"potentialAction\":[{\"@type\":\"ReadAction\",\"target\":[\"https:\/\/antisemitism.adl.org\/es\/anti-zionism-spanish\/\"]}]},{\"@type\":\"ImageObject\",\"inLanguage\":\"es-ES\",\"@id\":\"https:\/\/antisemitism.adl.org\/es\/anti-zionism-spanish\/#primaryimage\",\"url\":\"https:\/\/antisemitism.adl.org\/wp-content\/uploads\/2020\/02\/100-edited.jpg\",\"contentUrl\":\"https:\/\/antisemitism.adl.org\/wp-content\/uploads\/2020\/02\/100-edited.jpg\",\"width\":1008,\"height\":1600,\"caption\":\"Esta caricatura emplea el antisemitismo al comparar el trato de Israel a los palestinos con las acciones de los nazis hacia los jud\u00edos.\"},{\"@type\":\"BreadcrumbList\",\"@id\":\"https:\/\/antisemitism.adl.org\/es\/anti-zionism-spanish\/#breadcrumb\",\"itemListElement\":[{\"@type\":\"ListItem\",\"position\":1,\"name\":\"Home\",\"item\":\"https:\/\/antisemitism.adl.org\/es\/home-spanish-front-page\/\"},{\"@type\":\"ListItem\",\"position\":2,\"name\":\"Antisionismo\"}]},{\"@type\":\"WebSite\",\"@id\":\"https:\/\/live-antisemitism-guide.pantheonsite.io\/#website\",\"url\":\"https:\/\/live-antisemitism-guide.pantheonsite.io\/\",\"name\":\"Antisemitismo al descubierto\",\"description\":\"A Guide to Old Myths in a New Era\",\"potentialAction\":[{\"@type\":\"SearchAction\",\"target\":{\"@type\":\"EntryPoint\",\"urlTemplate\":\"https:\/\/live-antisemitism-guide.pantheonsite.io\/?s={search_term_string}\"},\"query-input\":{\"@type\":\"PropertyValueSpecification\",\"valueRequired\":true,\"valueName\":\"search_term_string\"}}],\"inLanguage\":\"es-ES\"}]}<\/script>\n<!-- \/ Yoast SEO plugin. -->","yoast_head_json":{"title":"Antisemitismo al descubierto: Mito 'el antisionismo nunca es antisemita'","description":"La cr\u00edtica a Israel no es en s\u00ed misma antisemita, pero gran parte del antisionismo actual o de la deslegitimaci\u00f3n de Israel y sus partidarios perpet\u00faa tropos antisemitas.","robots":{"index":"index","follow":"follow","max-snippet":"max-snippet:-1","max-image-preview":"max-image-preview:large","max-video-preview":"max-video-preview:-1"},"canonical":"https:\/\/antisemitism.adl.org\/es\/anti-zionism-spanish\/","og_locale":"es_ES","og_type":"article","og_title":"Antisemitismo al descubierto: Mito 'el antisionismo nunca es antisemita'","og_description":"La cr\u00edtica a Israel no es en s\u00ed misma antisemita, pero gran parte del antisionismo actual o de la deslegitimaci\u00f3n de Israel y sus partidarios perpet\u00faa tropos antisemitas.","og_url":"https:\/\/antisemitism.adl.org\/es\/anti-zionism-spanish\/","og_site_name":"Antisemitismo al descubierto","article_publisher":"https:\/\/www.facebook.com\/anti.defamation.league\/","article_modified_time":"2024-03-15T20:43:05+00:00","og_image":[{"width":1008,"height":1600,"url":"https:\/\/antisemitism.adl.org\/wp-content\/uploads\/2020\/02\/100-edited.jpg","type":"image\/jpeg"}],"twitter_card":"summary_large_image","twitter_title":"Antisemitismo al descubierto: Mito 'el antisionismo nunca es antisemita'","twitter_description":"La cr\u00edtica a Israel no es en s\u00ed misma antisemita, pero gran parte del antisionismo actual o de la deslegitimaci\u00f3n de Israel y sus partidarios perpet\u00faa tropos antisemitas.","twitter_site":"@ADL","twitter_misc":{"Est. reading time":"1 minute"},"schema":{"@context":"https:\/\/schema.org","@graph":[{"@type":"WebPage","@id":"https:\/\/antisemitism.adl.org\/es\/anti-zionism-spanish\/","url":"https:\/\/antisemitism.adl.org\/es\/anti-zionism-spanish\/","name":"Antisemitismo al descubierto: Mito 'el antisionismo nunca es antisemita'","isPartOf":{"@id":"https:\/\/live-antisemitism-guide.pantheonsite.io\/#website"},"primaryImageOfPage":{"@id":"https:\/\/antisemitism.adl.org\/es\/anti-zionism-spanish\/#primaryimage"},"image":{"@id":"https:\/\/antisemitism.adl.org\/es\/anti-zionism-spanish\/#primaryimage"},"thumbnailUrl":"https:\/\/antisemitism.adl.org\/wp-content\/uploads\/2020\/02\/100-edited.jpg","datePublished":"2022-11-20T15:29:19+00:00","dateModified":"2024-03-15T20:43:05+00:00","description":"La cr\u00edtica a Israel no es en s\u00ed misma antisemita, pero gran parte del antisionismo actual o de la deslegitimaci\u00f3n de Israel y sus partidarios perpet\u00faa tropos antisemitas.","breadcrumb":{"@id":"https:\/\/antisemitism.adl.org\/es\/anti-zionism-spanish\/#breadcrumb"},"inLanguage":"es-ES","potentialAction":[{"@type":"ReadAction","target":["https:\/\/antisemitism.adl.org\/es\/anti-zionism-spanish\/"]}]},{"@type":"ImageObject","inLanguage":"es-ES","@id":"https:\/\/antisemitism.adl.org\/es\/anti-zionism-spanish\/#primaryimage","url":"https:\/\/antisemitism.adl.org\/wp-content\/uploads\/2020\/02\/100-edited.jpg","contentUrl":"https:\/\/antisemitism.adl.org\/wp-content\/uploads\/2020\/02\/100-edited.jpg","width":1008,"height":1600,"caption":"Esta caricatura emplea el antisemitismo al comparar el trato de Israel a los palestinos con las acciones de los nazis hacia los jud\u00edos."},{"@type":"BreadcrumbList","@id":"https:\/\/antisemitism.adl.org\/es\/anti-zionism-spanish\/#breadcrumb","itemListElement":[{"@type":"ListItem","position":1,"name":"Home","item":"https:\/\/antisemitism.adl.org\/es\/home-spanish-front-page\/"},{"@type":"ListItem","position":2,"name":"Antisionismo"}]},{"@type":"WebSite","@id":"https:\/\/live-antisemitism-guide.pantheonsite.io\/#website","url":"https:\/\/live-antisemitism-guide.pantheonsite.io\/","name":"Antisemitismo al descubierto","description":"A Guide to Old Myths in a New Era","potentialAction":[{"@type":"SearchAction","target":{"@type":"EntryPoint","urlTemplate":"https:\/\/live-antisemitism-guide.pantheonsite.io\/?s={search_term_string}"},"query-input":{"@type":"PropertyValueSpecification","valueRequired":true,"valueName":"search_term_string"}}],"inLanguage":"es-ES"}]}},"_links":{"self":[{"href":"https:\/\/antisemitism.adl.org\/es\/wp-json\/wp\/v2\/pages\/878","targetHints":{"allow":["GET"]}}],"collection":[{"href":"https:\/\/antisemitism.adl.org\/es\/wp-json\/wp\/v2\/pages"}],"about":[{"href":"https:\/\/antisemitism.adl.org\/es\/wp-json\/wp\/v2\/types\/page"}],"author":[{"embeddable":true,"href":"https:\/\/antisemitism.adl.org\/es\/wp-json\/wp\/v2\/users\/7"}],"replies":[{"embeddable":true,"href":"https:\/\/antisemitism.adl.org\/es\/wp-json\/wp\/v2\/comments?post=878"}],"version-history":[{"count":42,"href":"https:\/\/antisemitism.adl.org\/es\/wp-json\/wp\/v2\/pages\/878\/revisions"}],"predecessor-version":[{"id":2242,"href":"https:\/\/antisemitism.adl.org\/es\/wp-json\/wp\/v2\/pages\/878\/revisions\/2242"}],"wp:featuredmedia":[{"embeddable":true,"href":"https:\/\/antisemitism.adl.org\/es\/wp-json\/wp\/v2\/media\/773"}],"wp:attachment":[{"href":"https:\/\/antisemitism.adl.org\/es\/wp-json\/wp\/v2\/media?parent=878"}],"wp:term":[{"taxonomy":"category","embeddable":true,"href":"https:\/\/antisemitism.adl.org\/es\/wp-json\/wp\/v2\/categories?post=878"}],"curies":[{"name":"wp","href":"https:\/\/api.w.org\/{rel}","templated":true}]}}