{"id":2127,"date":"2024-02-27T11:27:35","date_gmt":"2024-02-27T16:27:35","guid":{"rendered":"https:\/\/antisemitism.adl.org\/?page_id=2127"},"modified":"2024-03-18T15:52:17","modified_gmt":"2024-03-18T19:52:17","slug":"poder","status":"publish","type":"page","link":"https:\/\/antisemitism.adl.org\/es\/poder\/","title":{"rendered":"Poder"},"content":{"rendered":"","protected":false},"excerpt":{"rendered":"","protected":false},"author":2,"featured_media":840,"parent":0,"menu_order":0,"comment_status":"closed","ping_status":"closed","template":"","meta":{"_acf_changed":false,"footnotes":""},"categories":[26],"class_list":["post-2127","page","type-page","status-publish","has-post-thumbnail","hentry","category-antisemitic-myths-spanish"],"acf":[],"yoast_head":"<!-- This site is optimized with the Yoast SEO plugin v23.4 - https:\/\/yoast.com\/wordpress\/plugins\/seo\/ -->\n<title>Antisemitismo al descubierto: el mito del poder jud\u00edo<\/title>\n<meta name=\"description\" content=\"Los jud\u00edos representan un 0,2% de la poblaci\u00f3n mundial. Pero los antisemitas creen que esta peque\u00f1a minor\u00eda busca la dominaci\u00f3n del mundo, controla los bancos, los medios, la industria, el gobierno e incluso el clima.\" \/>\n<meta name=\"robots\" content=\"index, follow, max-snippet:-1, max-image-preview:large, max-video-preview:-1\" \/>\n<link rel=\"canonical\" href=\"https:\/\/antisemitism.adl.org\/es\/poder\/\" \/>\n<meta property=\"og:locale\" content=\"es_ES\" \/>\n<meta property=\"og:type\" content=\"article\" \/>\n<meta property=\"og:title\" content=\"Antisemitismo al descubierto: el mito del poder jud\u00edo\" \/>\n<meta property=\"og:description\" content=\"Los jud\u00edos representan un 0,2% de la poblaci\u00f3n mundial. Pero los antisemitas creen que esta peque\u00f1a minor\u00eda busca la dominaci\u00f3n del mundo, controla los bancos, los medios, la industria, el gobierno e incluso el clima.\" \/>\n<meta property=\"og:url\" content=\"https:\/\/antisemitism.adl.org\/es\/poder\/\" \/>\n<meta property=\"og:site_name\" content=\"Antisemitismo al descubierto\" \/>\n<meta property=\"article:publisher\" content=\"https:\/\/www.facebook.com\/anti.defamation.league\/\" \/>\n<meta property=\"article:modified_time\" content=\"2024-03-18T19:52:17+00:00\" \/>\n<meta property=\"og:image\" content=\"https:\/\/antisemitism.adl.org\/wp-content\/uploads\/2020\/03\/Power_Square.jpg\" \/>\n\t<meta property=\"og:image:width\" content=\"1080\" \/>\n\t<meta property=\"og:image:height\" content=\"1080\" \/>\n\t<meta property=\"og:image:type\" content=\"image\/jpeg\" \/>\n<meta name=\"twitter:card\" content=\"summary_large_image\" \/>\n<meta name=\"twitter:site\" content=\"@ADL\" \/>\n<meta name=\"twitter:label1\" content=\"Est. reading time\" \/>\n\t<meta name=\"twitter:data1\" content=\"1 minute\" \/>\n<script type=\"application\/ld+json\" class=\"yoast-schema-graph\">{\"@context\":\"https:\/\/schema.org\",\"@graph\":[{\"@type\":\"WebPage\",\"@id\":\"https:\/\/antisemitism.adl.org\/es\/poder\/\",\"url\":\"https:\/\/antisemitism.adl.org\/es\/poder\/\",\"name\":\"Antisemitismo al descubierto: el mito del poder jud\u00edo\",\"isPartOf\":{\"@id\":\"https:\/\/live-antisemitism-guide.pantheonsite.io\/#website\"},\"primaryImageOfPage\":{\"@id\":\"https:\/\/antisemitism.adl.org\/es\/poder\/#primaryimage\"},\"image\":{\"@id\":\"https:\/\/antisemitism.adl.org\/es\/poder\/#primaryimage\"},\"thumbnailUrl\":\"https:\/\/antisemitism.adl.org\/wp-content\/uploads\/2020\/03\/Power_Square.jpg\",\"datePublished\":\"2024-02-27T16:27:35+00:00\",\"dateModified\":\"2024-03-18T19:52:17+00:00\",\"description\":\"Los jud\u00edos representan un 0,2% de la poblaci\u00f3n mundial. Pero los antisemitas creen que esta peque\u00f1a minor\u00eda busca la dominaci\u00f3n del mundo, controla los bancos, los medios, la industria, el gobierno e incluso el clima.\",\"breadcrumb\":{\"@id\":\"https:\/\/antisemitism.adl.org\/es\/poder\/#breadcrumb\"},\"inLanguage\":\"es-ES\",\"potentialAction\":[{\"@type\":\"ReadAction\",\"target\":[\"https:\/\/antisemitism.adl.org\/es\/poder\/\"]}]},{\"@type\":\"ImageObject\",\"inLanguage\":\"es-ES\",\"@id\":\"https:\/\/antisemitism.adl.org\/es\/poder\/#primaryimage\",\"url\":\"https:\/\/antisemitism.adl.org\/wp-content\/uploads\/2020\/03\/Power_Square.jpg\",\"contentUrl\":\"https:\/\/antisemitism.adl.org\/wp-content\/uploads\/2020\/03\/Power_Square.jpg\",\"width\":1080,\"height\":1080,\"caption\":\"Nazi propaganda poster.\"},{\"@type\":\"BreadcrumbList\",\"@id\":\"https:\/\/antisemitism.adl.org\/es\/poder\/#breadcrumb\",\"itemListElement\":[{\"@type\":\"ListItem\",\"position\":1,\"name\":\"Home\",\"item\":\"https:\/\/antisemitism.adl.org\/es\/home-spanish-front-page\/\"},{\"@type\":\"ListItem\",\"position\":2,\"name\":\"Poder\"}]},{\"@type\":\"WebSite\",\"@id\":\"https:\/\/live-antisemitism-guide.pantheonsite.io\/#website\",\"url\":\"https:\/\/live-antisemitism-guide.pantheonsite.io\/\",\"name\":\"Antisemitismo al descubierto\",\"description\":\"A Guide to Old Myths in a New Era\",\"potentialAction\":[{\"@type\":\"SearchAction\",\"target\":{\"@type\":\"EntryPoint\",\"urlTemplate\":\"https:\/\/live-antisemitism-guide.pantheonsite.io\/?s={search_term_string}\"},\"query-input\":{\"@type\":\"PropertyValueSpecification\",\"valueRequired\":true,\"valueName\":\"search_term_string\"}}],\"inLanguage\":\"es-ES\"}]}<\/script>\n<!-- \/ Yoast SEO plugin. -->","yoast_head_json":{"title":"Antisemitismo al descubierto: el mito del poder jud\u00edo","description":"Los jud\u00edos representan un 0,2% de la poblaci\u00f3n mundial. Pero los antisemitas creen que esta peque\u00f1a minor\u00eda busca la dominaci\u00f3n del mundo, controla los bancos, los medios, la industria, el gobierno e incluso el clima.","robots":{"index":"index","follow":"follow","max-snippet":"max-snippet:-1","max-image-preview":"max-image-preview:large","max-video-preview":"max-video-preview:-1"},"canonical":"https:\/\/antisemitism.adl.org\/es\/poder\/","og_locale":"es_ES","og_type":"article","og_title":"Antisemitismo al descubierto: el mito del poder jud\u00edo","og_description":"Los jud\u00edos representan un 0,2% de la poblaci\u00f3n mundial. Pero los antisemitas creen que esta peque\u00f1a minor\u00eda busca la dominaci\u00f3n del mundo, controla los bancos, los medios, la industria, el gobierno e incluso el clima.","og_url":"https:\/\/antisemitism.adl.org\/es\/poder\/","og_site_name":"Antisemitismo al descubierto","article_publisher":"https:\/\/www.facebook.com\/anti.defamation.league\/","article_modified_time":"2024-03-18T19:52:17+00:00","og_image":[{"width":1080,"height":1080,"url":"https:\/\/antisemitism.adl.org\/wp-content\/uploads\/2020\/03\/Power_Square.jpg","type":"image\/jpeg"}],"twitter_card":"summary_large_image","twitter_site":"@ADL","twitter_misc":{"Est. reading time":"1 minute"},"schema":{"@context":"https:\/\/schema.org","@graph":[{"@type":"WebPage","@id":"https:\/\/antisemitism.adl.org\/es\/poder\/","url":"https:\/\/antisemitism.adl.org\/es\/poder\/","name":"Antisemitismo al descubierto: el mito del poder jud\u00edo","isPartOf":{"@id":"https:\/\/live-antisemitism-guide.pantheonsite.io\/#website"},"primaryImageOfPage":{"@id":"https:\/\/antisemitism.adl.org\/es\/poder\/#primaryimage"},"image":{"@id":"https:\/\/antisemitism.adl.org\/es\/poder\/#primaryimage"},"thumbnailUrl":"https:\/\/antisemitism.adl.org\/wp-content\/uploads\/2020\/03\/Power_Square.jpg","datePublished":"2024-02-27T16:27:35+00:00","dateModified":"2024-03-18T19:52:17+00:00","description":"Los jud\u00edos representan un 0,2% de la poblaci\u00f3n mundial. Pero los antisemitas creen que esta peque\u00f1a minor\u00eda busca la dominaci\u00f3n del mundo, controla los bancos, los medios, la industria, el gobierno e incluso el clima.","breadcrumb":{"@id":"https:\/\/antisemitism.adl.org\/es\/poder\/#breadcrumb"},"inLanguage":"es-ES","potentialAction":[{"@type":"ReadAction","target":["https:\/\/antisemitism.adl.org\/es\/poder\/"]}]},{"@type":"ImageObject","inLanguage":"es-ES","@id":"https:\/\/antisemitism.adl.org\/es\/poder\/#primaryimage","url":"https:\/\/antisemitism.adl.org\/wp-content\/uploads\/2020\/03\/Power_Square.jpg","contentUrl":"https:\/\/antisemitism.adl.org\/wp-content\/uploads\/2020\/03\/Power_Square.jpg","width":1080,"height":1080,"caption":"Nazi propaganda poster."},{"@type":"BreadcrumbList","@id":"https:\/\/antisemitism.adl.org\/es\/poder\/#breadcrumb","itemListElement":[{"@type":"ListItem","position":1,"name":"Home","item":"https:\/\/antisemitism.adl.org\/es\/home-spanish-front-page\/"},{"@type":"ListItem","position":2,"name":"Poder"}]},{"@type":"WebSite","@id":"https:\/\/live-antisemitism-guide.pantheonsite.io\/#website","url":"https:\/\/live-antisemitism-guide.pantheonsite.io\/","name":"Antisemitismo al descubierto","description":"A Guide to Old Myths in a New Era","potentialAction":[{"@type":"SearchAction","target":{"@type":"EntryPoint","urlTemplate":"https:\/\/live-antisemitism-guide.pantheonsite.io\/?s={search_term_string}"},"query-input":{"@type":"PropertyValueSpecification","valueRequired":true,"valueName":"search_term_string"}}],"inLanguage":"es-ES"}]}},"_links":{"self":[{"href":"https:\/\/antisemitism.adl.org\/es\/wp-json\/wp\/v2\/pages\/2127","targetHints":{"allow":["GET"]}}],"collection":[{"href":"https:\/\/antisemitism.adl.org\/es\/wp-json\/wp\/v2\/pages"}],"about":[{"href":"https:\/\/antisemitism.adl.org\/es\/wp-json\/wp\/v2\/types\/page"}],"author":[{"embeddable":true,"href":"https:\/\/antisemitism.adl.org\/es\/wp-json\/wp\/v2\/users\/2"}],"replies":[{"embeddable":true,"href":"https:\/\/antisemitism.adl.org\/es\/wp-json\/wp\/v2\/comments?post=2127"}],"version-history":[{"count":11,"href":"https:\/\/antisemitism.adl.org\/es\/wp-json\/wp\/v2\/pages\/2127\/revisions"}],"predecessor-version":[{"id":2236,"href":"https:\/\/antisemitism.adl.org\/es\/wp-json\/wp\/v2\/pages\/2127\/revisions\/2236"}],"wp:featuredmedia":[{"embeddable":true,"href":"https:\/\/antisemitism.adl.org\/es\/wp-json\/wp\/v2\/media\/840"}],"wp:attachment":[{"href":"https:\/\/antisemitism.adl.org\/es\/wp-json\/wp\/v2\/media?parent=2127"}],"wp:term":[{"taxonomy":"category","embeddable":true,"href":"https:\/\/antisemitism.adl.org\/es\/wp-json\/wp\/v2\/categories?post=2127"}],"curies":[{"name":"wp","href":"https:\/\/api.w.org\/{rel}","templated":true}]}}