{"id":1109,"date":"2020-02-25T12:03:40","date_gmt":"2020-02-25T17:03:40","guid":{"rendered":"https:\/\/antisemitism.adl.org\/?page_id=1109"},"modified":"2024-03-04T16:05:14","modified_gmt":"2024-03-04T21:05:14","slug":"home-spanish-front-page","status":"publish","type":"page","link":"https:\/\/antisemitism.adl.org\/es\/","title":{"rendered":"Home &#8211; spanish Front page"},"content":{"rendered":"","protected":false},"excerpt":{"rendered":"<p>By offering this context and debunking these myths, this guide can educate people from all walks of life about what is and is not antisemitism, enabling them to stop its spread and call it out whenever and wherever it may arise. <\/p>\n","protected":false},"author":7,"featured_media":839,"parent":0,"menu_order":0,"comment_status":"closed","ping_status":"closed","template":"","meta":{"_acf_changed":false,"footnotes":""},"categories":[],"class_list":["post-1109","page","type-page","status-publish","has-post-thumbnail","hentry"],"acf":[],"yoast_head":"<!-- This site is optimized with the Yoast SEO plugin v23.4 - https:\/\/yoast.com\/wordpress\/plugins\/seo\/ -->\n<title>Antisemitismo al descubierto: Gu\u00eda de viejos mitos en una nueva era<\/title>\n<meta name=\"description\" content=\"Recurso de ADL con la historia y descripciones de los mitos antisemitas predominantes, ejemplos contempor\u00e1neos y llamados a la acci\u00f3n para abordar este odio a los jud\u00edos.\" \/>\n<meta name=\"robots\" content=\"index, follow, max-snippet:-1, max-image-preview:large, max-video-preview:-1\" \/>\n<link rel=\"canonical\" href=\"https:\/\/antisemitism.adl.org\/es\/\" \/>\n<meta property=\"og:locale\" content=\"es_ES\" \/>\n<meta property=\"og:type\" content=\"article\" \/>\n<meta property=\"og:title\" content=\"Antisemitismo al descubierto: Una gu\u00eda de viejos mitos en una nueva era\" \/>\n<meta property=\"og:description\" content=\"Un recurso amplio de la ADL con la historia y descripciones de los mitos antisemitas predominantes, ejemplos contempor\u00e1neos y llamados a la acci\u00f3n para abordar este odio a los jud\u00edos.\" \/>\n<meta property=\"og:url\" content=\"https:\/\/antisemitism.adl.org\/es\/\" \/>\n<meta property=\"og:site_name\" content=\"Antisemitismo al descubierto\" \/>\n<meta property=\"article:publisher\" content=\"https:\/\/www.facebook.com\/anti.defamation.league\/\" \/>\n<meta property=\"article:modified_time\" content=\"2024-03-04T21:05:14+00:00\" \/>\n<meta property=\"og:image\" content=\"https:\/\/antisemitism.adl.org\/wp-content\/uploads\/2023\/03\/ADL-A_S-Uncovered-FB_TW-ESP.jpg\" \/>\n\t<meta property=\"og:image:width\" content=\"1280\" \/>\n\t<meta property=\"og:image:height\" content=\"720\" \/>\n\t<meta property=\"og:image:type\" content=\"image\/jpeg\" \/>\n<meta name=\"twitter:card\" content=\"summary_large_image\" \/>\n<meta name=\"twitter:title\" content=\"Antisemitismo al descubierto: Una gu\u00eda de viejos mitos en una nueva era\" \/>\n<meta name=\"twitter:description\" content=\"Un recurso amplio de la ADL con la historia y descripciones de los mitos antisemitas predominantes, ejemplos contempor\u00e1neos y llamados a la acci\u00f3n para abordar este odio a los jud\u00edos.\" \/>\n<meta name=\"twitter:image\" content=\"https:\/\/antisemitism.adl.org\/wp-content\/uploads\/2023\/03\/ADL-A_S-Uncovered-FB_TW-ESP.jpg\" \/>\n<meta name=\"twitter:site\" content=\"@ADL\" \/>\n<meta name=\"twitter:label1\" content=\"Est. reading time\" \/>\n\t<meta name=\"twitter:data1\" content=\"1 minute\" \/>\n<script type=\"application\/ld+json\" class=\"yoast-schema-graph\">{\"@context\":\"https:\/\/schema.org\",\"@graph\":[{\"@type\":\"WebPage\",\"@id\":\"https:\/\/antisemitism.adl.org\/es\/\",\"url\":\"https:\/\/antisemitism.adl.org\/es\/\",\"name\":\"Antisemitismo al descubierto: Gu\u00eda de viejos mitos en una nueva era\",\"isPartOf\":{\"@id\":\"https:\/\/live-antisemitism-guide.pantheonsite.io\/#website\"},\"primaryImageOfPage\":{\"@id\":\"https:\/\/antisemitism.adl.org\/es\/#primaryimage\"},\"image\":{\"@id\":\"https:\/\/antisemitism.adl.org\/es\/#primaryimage\"},\"thumbnailUrl\":\"https:\/\/antisemitism.adl.org\/wp-content\/uploads\/2020\/03\/social.jpg\",\"datePublished\":\"2020-02-25T17:03:40+00:00\",\"dateModified\":\"2024-03-04T21:05:14+00:00\",\"description\":\"Recurso de ADL con la historia y descripciones de los mitos antisemitas predominantes, ejemplos contempor\u00e1neos y llamados a la acci\u00f3n para abordar este odio a los jud\u00edos.\",\"breadcrumb\":{\"@id\":\"https:\/\/antisemitism.adl.org\/es\/#breadcrumb\"},\"inLanguage\":\"es-ES\",\"potentialAction\":[{\"@type\":\"ReadAction\",\"target\":[\"https:\/\/antisemitism.adl.org\/es\/\"]}]},{\"@type\":\"ImageObject\",\"inLanguage\":\"es-ES\",\"@id\":\"https:\/\/antisemitism.adl.org\/es\/#primaryimage\",\"url\":\"https:\/\/antisemitism.adl.org\/wp-content\/uploads\/2020\/03\/social.jpg\",\"contentUrl\":\"https:\/\/antisemitism.adl.org\/wp-content\/uploads\/2020\/03\/social.jpg\",\"width\":1200,\"height\":630},{\"@type\":\"BreadcrumbList\",\"@id\":\"https:\/\/antisemitism.adl.org\/es\/#breadcrumb\",\"itemListElement\":[{\"@type\":\"ListItem\",\"position\":1,\"name\":\"Home\",\"item\":\"https:\/\/antisemitism.adl.org\/es\/home-spanish-front-page\/\"},{\"@type\":\"ListItem\",\"position\":2,\"name\":\"Home &#8211; spanish Front page\"}]},{\"@type\":\"WebSite\",\"@id\":\"https:\/\/live-antisemitism-guide.pantheonsite.io\/#website\",\"url\":\"https:\/\/live-antisemitism-guide.pantheonsite.io\/\",\"name\":\"Antisemitismo al descubierto\",\"description\":\"A Guide to Old Myths in a New Era\",\"potentialAction\":[{\"@type\":\"SearchAction\",\"target\":{\"@type\":\"EntryPoint\",\"urlTemplate\":\"https:\/\/live-antisemitism-guide.pantheonsite.io\/?s={search_term_string}\"},\"query-input\":{\"@type\":\"PropertyValueSpecification\",\"valueRequired\":true,\"valueName\":\"search_term_string\"}}],\"inLanguage\":\"es-ES\"}]}<\/script>\n<!-- \/ Yoast SEO plugin. -->","yoast_head_json":{"title":"Antisemitismo al descubierto: Gu\u00eda de viejos mitos en una nueva era","description":"Recurso de ADL con la historia y descripciones de los mitos antisemitas predominantes, ejemplos contempor\u00e1neos y llamados a la acci\u00f3n para abordar este odio a los jud\u00edos.","robots":{"index":"index","follow":"follow","max-snippet":"max-snippet:-1","max-image-preview":"max-image-preview:large","max-video-preview":"max-video-preview:-1"},"canonical":"https:\/\/antisemitism.adl.org\/es\/","og_locale":"es_ES","og_type":"article","og_title":"Antisemitismo al descubierto: Una gu\u00eda de viejos mitos en una nueva era","og_description":"Un recurso amplio de la ADL con la historia y descripciones de los mitos antisemitas predominantes, ejemplos contempor\u00e1neos y llamados a la acci\u00f3n para abordar este odio a los jud\u00edos.","og_url":"https:\/\/antisemitism.adl.org\/es\/","og_site_name":"Antisemitismo al descubierto","article_publisher":"https:\/\/www.facebook.com\/anti.defamation.league\/","article_modified_time":"2024-03-04T21:05:14+00:00","og_image":[{"width":1280,"height":720,"url":"https:\/\/antisemitism.adl.org\/wp-content\/uploads\/2023\/03\/ADL-A_S-Uncovered-FB_TW-ESP.jpg","type":"image\/jpeg"}],"twitter_card":"summary_large_image","twitter_title":"Antisemitismo al descubierto: Una gu\u00eda de viejos mitos en una nueva era","twitter_description":"Un recurso amplio de la ADL con la historia y descripciones de los mitos antisemitas predominantes, ejemplos contempor\u00e1neos y llamados a la acci\u00f3n para abordar este odio a los jud\u00edos.","twitter_image":"https:\/\/antisemitism.adl.org\/wp-content\/uploads\/2023\/03\/ADL-A_S-Uncovered-FB_TW-ESP.jpg","twitter_site":"@ADL","twitter_misc":{"Est. reading time":"1 minute"},"schema":{"@context":"https:\/\/schema.org","@graph":[{"@type":"WebPage","@id":"https:\/\/antisemitism.adl.org\/es\/","url":"https:\/\/antisemitism.adl.org\/es\/","name":"Antisemitismo al descubierto: Gu\u00eda de viejos mitos en una nueva era","isPartOf":{"@id":"https:\/\/live-antisemitism-guide.pantheonsite.io\/#website"},"primaryImageOfPage":{"@id":"https:\/\/antisemitism.adl.org\/es\/#primaryimage"},"image":{"@id":"https:\/\/antisemitism.adl.org\/es\/#primaryimage"},"thumbnailUrl":"https:\/\/antisemitism.adl.org\/wp-content\/uploads\/2020\/03\/social.jpg","datePublished":"2020-02-25T17:03:40+00:00","dateModified":"2024-03-04T21:05:14+00:00","description":"Recurso de ADL con la historia y descripciones de los mitos antisemitas predominantes, ejemplos contempor\u00e1neos y llamados a la acci\u00f3n para abordar este odio a los jud\u00edos.","breadcrumb":{"@id":"https:\/\/antisemitism.adl.org\/es\/#breadcrumb"},"inLanguage":"es-ES","potentialAction":[{"@type":"ReadAction","target":["https:\/\/antisemitism.adl.org\/es\/"]}]},{"@type":"ImageObject","inLanguage":"es-ES","@id":"https:\/\/antisemitism.adl.org\/es\/#primaryimage","url":"https:\/\/antisemitism.adl.org\/wp-content\/uploads\/2020\/03\/social.jpg","contentUrl":"https:\/\/antisemitism.adl.org\/wp-content\/uploads\/2020\/03\/social.jpg","width":1200,"height":630},{"@type":"BreadcrumbList","@id":"https:\/\/antisemitism.adl.org\/es\/#breadcrumb","itemListElement":[{"@type":"ListItem","position":1,"name":"Home","item":"https:\/\/antisemitism.adl.org\/es\/home-spanish-front-page\/"},{"@type":"ListItem","position":2,"name":"Home &#8211; spanish Front page"}]},{"@type":"WebSite","@id":"https:\/\/live-antisemitism-guide.pantheonsite.io\/#website","url":"https:\/\/live-antisemitism-guide.pantheonsite.io\/","name":"Antisemitismo al descubierto","description":"A Guide to Old Myths in a New Era","potentialAction":[{"@type":"SearchAction","target":{"@type":"EntryPoint","urlTemplate":"https:\/\/live-antisemitism-guide.pantheonsite.io\/?s={search_term_string}"},"query-input":{"@type":"PropertyValueSpecification","valueRequired":true,"valueName":"search_term_string"}}],"inLanguage":"es-ES"}]}},"_links":{"self":[{"href":"https:\/\/antisemitism.adl.org\/es\/wp-json\/wp\/v2\/pages\/1109","targetHints":{"allow":["GET"]}}],"collection":[{"href":"https:\/\/antisemitism.adl.org\/es\/wp-json\/wp\/v2\/pages"}],"about":[{"href":"https:\/\/antisemitism.adl.org\/es\/wp-json\/wp\/v2\/types\/page"}],"author":[{"embeddable":true,"href":"https:\/\/antisemitism.adl.org\/es\/wp-json\/wp\/v2\/users\/7"}],"replies":[{"embeddable":true,"href":"https:\/\/antisemitism.adl.org\/es\/wp-json\/wp\/v2\/comments?post=1109"}],"version-history":[{"count":25,"href":"https:\/\/antisemitism.adl.org\/es\/wp-json\/wp\/v2\/pages\/1109\/revisions"}],"predecessor-version":[{"id":2174,"href":"https:\/\/antisemitism.adl.org\/es\/wp-json\/wp\/v2\/pages\/1109\/revisions\/2174"}],"wp:featuredmedia":[{"embeddable":true,"href":"https:\/\/antisemitism.adl.org\/es\/wp-json\/wp\/v2\/media\/839"}],"wp:attachment":[{"href":"https:\/\/antisemitism.adl.org\/es\/wp-json\/wp\/v2\/media?parent=1109"}],"wp:term":[{"taxonomy":"category","embeddable":true,"href":"https:\/\/antisemitism.adl.org\/es\/wp-json\/wp\/v2\/categories?post=1109"}],"curies":[{"name":"wp","href":"https:\/\/api.w.org\/{rel}","templated":true}]}}