{"id":1103,"date":"2022-03-23T12:12:30","date_gmt":"2022-03-23T16:12:30","guid":{"rendered":"https:\/\/antisemitism.adl.org\/?page_id=1103"},"modified":"2024-02-27T12:00:56","modified_gmt":"2024-02-27T17:00:56","slug":"video-spanish","status":"publish","type":"page","link":"https:\/\/antisemitism.adl.org\/es\/video-spanish\/","title":{"rendered":"Video"},"content":{"rendered":"","protected":false},"excerpt":{"rendered":"","protected":false},"author":7,"featured_media":721,"parent":0,"menu_order":0,"comment_status":"closed","ping_status":"closed","template":"","meta":{"_acf_changed":false,"footnotes":""},"categories":[],"class_list":["post-1103","page","type-page","status-publish","has-post-thumbnail","hentry"],"acf":[],"yoast_head":"<!-- This site is optimized with the Yoast SEO plugin v23.4 - https:\/\/yoast.com\/wordpress\/plugins\/seo\/ -->\n<title>Videos Antisemitismo al descubierto ADL<\/title>\n<meta name=\"description\" content=\"La serie de videos Antisemitismo al descubierto fue creada para explicar y combatir los mitos antisemitas m\u00e1s frecuentes. Los videos acompa\u00f1an a Antisemitismo al descubierto: Gu\u00eda de los viejos mitos en una nueva era, un recurso muy completo de la ADL con contexto hist\u00f3rico, descripciones de los mitos basadas en hechos, ejemplos contempor\u00e1neos y llamamientos a la acci\u00f3n para hacer frente a este odio. Cada video explora uno de los mitos: el poder, la deslealtad, la avaricia, el deicidio, el libelo de sangre, la negaci\u00f3n del Holocausto y el antisionismo.\" \/>\n<meta name=\"robots\" content=\"index, follow, max-snippet:-1, max-image-preview:large, max-video-preview:-1\" \/>\n<link rel=\"canonical\" href=\"https:\/\/antisemitism.adl.org\/es\/video-spanish\/\" \/>\n<meta property=\"og:locale\" content=\"es_ES\" \/>\n<meta property=\"og:type\" content=\"article\" \/>\n<meta property=\"og:title\" content=\"Videos Antisemitismo al descubierto ADL\" \/>\n<meta property=\"og:description\" content=\"La serie de videos Antisemitismo al descubierto fue creada para explicar y combatir los mitos antisemitas m\u00e1s frecuentes. Los videos acompa\u00f1an a Antisemitismo al descubierto: Gu\u00eda de los viejos mitos en una nueva era, un recurso muy completo de la ADL con contexto hist\u00f3rico, descripciones de los mitos basadas en hechos, ejemplos contempor\u00e1neos y llamamientos a la acci\u00f3n para hacer frente a este odio. Cada video explora uno de los mitos: el poder, la deslealtad, la avaricia, el deicidio, el libelo de sangre, la negaci\u00f3n del Holocausto y el antisionismo.\" \/>\n<meta property=\"og:url\" content=\"https:\/\/antisemitism.adl.org\/es\/video-spanish\/\" \/>\n<meta property=\"og:site_name\" content=\"Antisemitismo al descubierto\" \/>\n<meta property=\"article:publisher\" content=\"https:\/\/www.facebook.com\/anti.defamation.league\/\" \/>\n<meta property=\"article:modified_time\" content=\"2024-02-27T17:00:56+00:00\" \/>\n<meta property=\"og:image\" content=\"https:\/\/antisemitism.adl.org\/wp-content\/uploads\/2022\/03\/Screen-Shot-2022-03-23-at-12.20.49-PM-1600x900.png\" \/>\n\t<meta property=\"og:image:width\" content=\"1600\" \/>\n\t<meta property=\"og:image:height\" content=\"900\" \/>\n\t<meta property=\"og:image:type\" content=\"image\/png\" \/>\n<meta name=\"twitter:card\" content=\"summary_large_image\" \/>\n<meta name=\"twitter:site\" content=\"@ADL\" \/>\n<meta name=\"twitter:label1\" content=\"Est. reading time\" \/>\n\t<meta name=\"twitter:data1\" content=\"1 minute\" \/>\n<script type=\"application\/ld+json\" class=\"yoast-schema-graph\">{\"@context\":\"https:\/\/schema.org\",\"@graph\":[{\"@type\":\"WebPage\",\"@id\":\"https:\/\/antisemitism.adl.org\/es\/video-spanish\/\",\"url\":\"https:\/\/antisemitism.adl.org\/es\/video-spanish\/\",\"name\":\"Videos Antisemitismo al descubierto ADL\",\"isPartOf\":{\"@id\":\"https:\/\/live-antisemitism-guide.pantheonsite.io\/#website\"},\"primaryImageOfPage\":{\"@id\":\"https:\/\/antisemitism.adl.org\/es\/video-spanish\/#primaryimage\"},\"image\":{\"@id\":\"https:\/\/antisemitism.adl.org\/es\/video-spanish\/#primaryimage\"},\"thumbnailUrl\":\"https:\/\/antisemitism.adl.org\/wp-content\/uploads\/2022\/03\/Screen-Shot-2022-03-23-at-12.20.49-PM.png\",\"datePublished\":\"2022-03-23T16:12:30+00:00\",\"dateModified\":\"2024-02-27T17:00:56+00:00\",\"description\":\"La serie de videos Antisemitismo al descubierto fue creada para explicar y combatir los mitos antisemitas m\u00e1s frecuentes. Los videos acompa\u00f1an a Antisemitismo al descubierto: Gu\u00eda de los viejos mitos en una nueva era, un recurso muy completo de la ADL con contexto hist\u00f3rico, descripciones de los mitos basadas en hechos, ejemplos contempor\u00e1neos y llamamientos a la acci\u00f3n para hacer frente a este odio. Cada video explora uno de los mitos: el poder, la deslealtad, la avaricia, el deicidio, el libelo de sangre, la negaci\u00f3n del Holocausto y el antisionismo.\",\"breadcrumb\":{\"@id\":\"https:\/\/antisemitism.adl.org\/es\/video-spanish\/#breadcrumb\"},\"inLanguage\":\"es-ES\",\"potentialAction\":[{\"@type\":\"ReadAction\",\"target\":[\"https:\/\/antisemitism.adl.org\/es\/video-spanish\/\"]}]},{\"@type\":\"ImageObject\",\"inLanguage\":\"es-ES\",\"@id\":\"https:\/\/antisemitism.adl.org\/es\/video-spanish\/#primaryimage\",\"url\":\"https:\/\/antisemitism.adl.org\/wp-content\/uploads\/2022\/03\/Screen-Shot-2022-03-23-at-12.20.49-PM.png\",\"contentUrl\":\"https:\/\/antisemitism.adl.org\/wp-content\/uploads\/2022\/03\/Screen-Shot-2022-03-23-at-12.20.49-PM.png\",\"width\":5120,\"height\":2880,\"caption\":\"Video still showing the seven themes discussed in the ADL's Antisemitism Report\"},{\"@type\":\"BreadcrumbList\",\"@id\":\"https:\/\/antisemitism.adl.org\/es\/video-spanish\/#breadcrumb\",\"itemListElement\":[{\"@type\":\"ListItem\",\"position\":1,\"name\":\"Home\",\"item\":\"https:\/\/antisemitism.adl.org\/es\/home-spanish-front-page\/\"},{\"@type\":\"ListItem\",\"position\":2,\"name\":\"Video\"}]},{\"@type\":\"WebSite\",\"@id\":\"https:\/\/live-antisemitism-guide.pantheonsite.io\/#website\",\"url\":\"https:\/\/live-antisemitism-guide.pantheonsite.io\/\",\"name\":\"Antisemitismo al descubierto\",\"description\":\"A Guide to Old Myths in a New Era\",\"potentialAction\":[{\"@type\":\"SearchAction\",\"target\":{\"@type\":\"EntryPoint\",\"urlTemplate\":\"https:\/\/live-antisemitism-guide.pantheonsite.io\/?s={search_term_string}\"},\"query-input\":{\"@type\":\"PropertyValueSpecification\",\"valueRequired\":true,\"valueName\":\"search_term_string\"}}],\"inLanguage\":\"es-ES\"}]}<\/script>\n<!-- \/ Yoast SEO plugin. -->","yoast_head_json":{"title":"Videos Antisemitismo al descubierto ADL","description":"La serie de videos Antisemitismo al descubierto fue creada para explicar y combatir los mitos antisemitas m\u00e1s frecuentes. Los videos acompa\u00f1an a Antisemitismo al descubierto: Gu\u00eda de los viejos mitos en una nueva era, un recurso muy completo de la ADL con contexto hist\u00f3rico, descripciones de los mitos basadas en hechos, ejemplos contempor\u00e1neos y llamamientos a la acci\u00f3n para hacer frente a este odio. Cada video explora uno de los mitos: el poder, la deslealtad, la avaricia, el deicidio, el libelo de sangre, la negaci\u00f3n del Holocausto y el antisionismo.","robots":{"index":"index","follow":"follow","max-snippet":"max-snippet:-1","max-image-preview":"max-image-preview:large","max-video-preview":"max-video-preview:-1"},"canonical":"https:\/\/antisemitism.adl.org\/es\/video-spanish\/","og_locale":"es_ES","og_type":"article","og_title":"Videos Antisemitismo al descubierto ADL","og_description":"La serie de videos Antisemitismo al descubierto fue creada para explicar y combatir los mitos antisemitas m\u00e1s frecuentes. Los videos acompa\u00f1an a Antisemitismo al descubierto: Gu\u00eda de los viejos mitos en una nueva era, un recurso muy completo de la ADL con contexto hist\u00f3rico, descripciones de los mitos basadas en hechos, ejemplos contempor\u00e1neos y llamamientos a la acci\u00f3n para hacer frente a este odio. Cada video explora uno de los mitos: el poder, la deslealtad, la avaricia, el deicidio, el libelo de sangre, la negaci\u00f3n del Holocausto y el antisionismo.","og_url":"https:\/\/antisemitism.adl.org\/es\/video-spanish\/","og_site_name":"Antisemitismo al descubierto","article_publisher":"https:\/\/www.facebook.com\/anti.defamation.league\/","article_modified_time":"2024-02-27T17:00:56+00:00","og_image":[{"width":1600,"height":900,"url":"https:\/\/antisemitism.adl.org\/wp-content\/uploads\/2022\/03\/Screen-Shot-2022-03-23-at-12.20.49-PM-1600x900.png","type":"image\/png"}],"twitter_card":"summary_large_image","twitter_site":"@ADL","twitter_misc":{"Est. reading time":"1 minute"},"schema":{"@context":"https:\/\/schema.org","@graph":[{"@type":"WebPage","@id":"https:\/\/antisemitism.adl.org\/es\/video-spanish\/","url":"https:\/\/antisemitism.adl.org\/es\/video-spanish\/","name":"Videos Antisemitismo al descubierto ADL","isPartOf":{"@id":"https:\/\/live-antisemitism-guide.pantheonsite.io\/#website"},"primaryImageOfPage":{"@id":"https:\/\/antisemitism.adl.org\/es\/video-spanish\/#primaryimage"},"image":{"@id":"https:\/\/antisemitism.adl.org\/es\/video-spanish\/#primaryimage"},"thumbnailUrl":"https:\/\/antisemitism.adl.org\/wp-content\/uploads\/2022\/03\/Screen-Shot-2022-03-23-at-12.20.49-PM.png","datePublished":"2022-03-23T16:12:30+00:00","dateModified":"2024-02-27T17:00:56+00:00","description":"La serie de videos Antisemitismo al descubierto fue creada para explicar y combatir los mitos antisemitas m\u00e1s frecuentes. Los videos acompa\u00f1an a Antisemitismo al descubierto: Gu\u00eda de los viejos mitos en una nueva era, un recurso muy completo de la ADL con contexto hist\u00f3rico, descripciones de los mitos basadas en hechos, ejemplos contempor\u00e1neos y llamamientos a la acci\u00f3n para hacer frente a este odio. Cada video explora uno de los mitos: el poder, la deslealtad, la avaricia, el deicidio, el libelo de sangre, la negaci\u00f3n del Holocausto y el antisionismo.","breadcrumb":{"@id":"https:\/\/antisemitism.adl.org\/es\/video-spanish\/#breadcrumb"},"inLanguage":"es-ES","potentialAction":[{"@type":"ReadAction","target":["https:\/\/antisemitism.adl.org\/es\/video-spanish\/"]}]},{"@type":"ImageObject","inLanguage":"es-ES","@id":"https:\/\/antisemitism.adl.org\/es\/video-spanish\/#primaryimage","url":"https:\/\/antisemitism.adl.org\/wp-content\/uploads\/2022\/03\/Screen-Shot-2022-03-23-at-12.20.49-PM.png","contentUrl":"https:\/\/antisemitism.adl.org\/wp-content\/uploads\/2022\/03\/Screen-Shot-2022-03-23-at-12.20.49-PM.png","width":5120,"height":2880,"caption":"Video still showing the seven themes discussed in the ADL's Antisemitism Report"},{"@type":"BreadcrumbList","@id":"https:\/\/antisemitism.adl.org\/es\/video-spanish\/#breadcrumb","itemListElement":[{"@type":"ListItem","position":1,"name":"Home","item":"https:\/\/antisemitism.adl.org\/es\/home-spanish-front-page\/"},{"@type":"ListItem","position":2,"name":"Video"}]},{"@type":"WebSite","@id":"https:\/\/live-antisemitism-guide.pantheonsite.io\/#website","url":"https:\/\/live-antisemitism-guide.pantheonsite.io\/","name":"Antisemitismo al descubierto","description":"A Guide to Old Myths in a New Era","potentialAction":[{"@type":"SearchAction","target":{"@type":"EntryPoint","urlTemplate":"https:\/\/live-antisemitism-guide.pantheonsite.io\/?s={search_term_string}"},"query-input":{"@type":"PropertyValueSpecification","valueRequired":true,"valueName":"search_term_string"}}],"inLanguage":"es-ES"}]}},"_links":{"self":[{"href":"https:\/\/antisemitism.adl.org\/es\/wp-json\/wp\/v2\/pages\/1103","targetHints":{"allow":["GET"]}}],"collection":[{"href":"https:\/\/antisemitism.adl.org\/es\/wp-json\/wp\/v2\/pages"}],"about":[{"href":"https:\/\/antisemitism.adl.org\/es\/wp-json\/wp\/v2\/types\/page"}],"author":[{"embeddable":true,"href":"https:\/\/antisemitism.adl.org\/es\/wp-json\/wp\/v2\/users\/7"}],"replies":[{"embeddable":true,"href":"https:\/\/antisemitism.adl.org\/es\/wp-json\/wp\/v2\/comments?post=1103"}],"version-history":[{"count":11,"href":"https:\/\/antisemitism.adl.org\/es\/wp-json\/wp\/v2\/pages\/1103\/revisions"}],"predecessor-version":[{"id":2171,"href":"https:\/\/antisemitism.adl.org\/es\/wp-json\/wp\/v2\/pages\/1103\/revisions\/2171"}],"wp:featuredmedia":[{"embeddable":true,"href":"https:\/\/antisemitism.adl.org\/es\/wp-json\/wp\/v2\/media\/721"}],"wp:attachment":[{"href":"https:\/\/antisemitism.adl.org\/es\/wp-json\/wp\/v2\/media?parent=1103"}],"wp:term":[{"taxonomy":"category","embeddable":true,"href":"https:\/\/antisemitism.adl.org\/es\/wp-json\/wp\/v2\/categories?post=1103"}],"curies":[{"name":"wp","href":"https:\/\/api.w.org\/{rel}","templated":true}]}}